{"id":3,"date":"2020-07-03T20:53:37","date_gmt":"2020-07-03T18:53:37","guid":{"rendered":"https:\/\/www.cityoffice.se\/?page_id=3"},"modified":"2020-07-07T10:22:12","modified_gmt":"2020-07-07T08:22:12","slug":"privacy-policy","status":"publish","type":"page","link":"https:\/\/www.cityoffice.se\/en\/privacy-policy\/","title":{"rendered":"Privacy Policy"},"content":{"rendered":"\n<p>Denna integritetspolicy beskriver hur City Office in WTC AB (forts\u00e4ttningsvis kallat City Office) samlar in och behandlar dina personuppgifter.<\/p>\n\n\n\n<h2 class=\"wp-block-heading\">1. Personuppgiftsansvarig<\/h2>\n\n\n\n<p>Respektive bolag enligt ovan som du l\u00e4mnat personuppgifter till \u00e4r personuppgiftsansvarig f\u00f6r behandling av dina uppgifter och ansvarar f\u00f6r att s\u00e5dan behandling sker i enlighet med till\u00e4mplig lagstiftning.<\/p>\n\n\n\n<h2 class=\"wp-block-heading\">2. Insamling av information<\/h2>\n\n\n\n<p>Vi samlar in information fr\u00e5n dig n\u00e4r du bes\u00f6ker v\u00e5r hemsida, bokar\/best\u00e4ller v\u00e5ra tj\u00e4nster b\u00e5de via hemsidan och per telefon eller n\u00e4r du p\u00e5 annat s\u00e4tt har kontakt med City Office.<\/p>\n\n\n\n<p>Dessutom tar vi automatiskt emot och sparar information fr\u00e5n din dator och webbl\u00e4sare, inklusive din IP-adress, uppgifter om programvara och h\u00e5rdvara och den beg\u00e4rda sidan.<\/p>\n\n\n\n<h2 class=\"wp-block-heading\">3. Vilken information behandlar vi?<\/h2>\n\n\n\n<p>De personuppgifter City Office samlar in och behandlar om dig i egenskap av kund \u00e4r:<\/p>\n\n\n\n<ul class=\"wp-block-list\" start=\"0\"><li>Namn och identifikationsnummer (personnummer, nationellt id eller organisationsnummer)<\/li><li>Adress<\/li><li>Telefonnummer och e-post<\/li><li>Betalningsuppgifter<\/li><li>Kundnummer<\/li><li>Information om vilka av v\u00e5ra tj\u00e4nster eller erbjudanden du varit intresserad av, hur du interagerar med v\u00e5ra nyhetsbrev<\/li><li>Uppgifter om dina best\u00e4llningar\/genomf\u00f6rda k\u00f6p<\/li><li>Annan uppgift som kr\u00e4vs f\u00f6r att vi ska kunna genomf\u00f6ra v\u00e5ra tj\u00e4nster enligt avtal<\/li><\/ul>\n\n\n\n<h2 class=\"wp-block-heading\"> 4. Hur anv\u00e4nder vi informationen?<\/h2>\n\n\n\n<p>Den information City Office samlar in fr\u00e5n dig kan anv\u00e4ndas f\u00f6r olika \u00e4ndam\u00e5l. Det huvudsakliga syftet f\u00f6r behandling av personuppgifter \u00e4r att:<\/p>\n\n\n\n<ul class=\"wp-block-list\"><li>Fullg\u00f6ra v\u00e5ra f\u00f6rpliktelser gentemot dig som kund, s\u00e5som genomf\u00f6rande av tj\u00e4nst\/k\u00f6p, fakturering, eventuell reklamation<\/li><li>M\u00f6jligg\u00f6ra allm\u00e4n kundv\u00e5rd och kundservice, som f\u00f6r att besvara p\u00e5 fr\u00e5gor och r\u00e4tta felaktiga uppgifter<\/li><li>L\u00e4mna information och rikta marknadsf\u00f6ring, per post, e-post samt telefon avseende City Office och utvaldasamarbetspartners varor och tj\u00e4nster<\/li><li>Hantera kundf\u00f6rh\u00e5llandet och tillhandah\u00e5lla v\u00e5ra tj\u00e4nster<\/li><li>Ge dig som kund relevant information och anpassade erbjudanden i nyhetsbrev samt p\u00e5 webben<\/li><li>F\u00f6rb\u00e4ttra v\u00e5rt kunderbjudande, till exempel utveckling av tj\u00e4nster<\/li><li>F\u00f6rhindra bedr\u00e4gerier<\/li><li>F\u00f6lja till\u00e4mplig lagstiftning, till exempel bokf\u00f6ringslagar.<\/li><li>Uppgifterna kan \u00e4ven komma och utg\u00f6ra underlag f\u00f6r marknads- och kundanalyser, marknadsunders\u00f6kningar, statistik, aff\u00e4rsuppf\u00f6ljning samt aff\u00e4rs- och metodutveckling relaterat till k\u00f6p av v\u00e5ra tj\u00e4nster.<\/li><\/ul>\n\n\n\n<h2 class=\"wp-block-heading\">5. <strong>De lagliga grunderna f\u00f6r behandling av dina personuppgifter<\/strong><\/h2>\n\n\n\n<p><strong>Uppfyllande av avta<\/strong>l. Vi behandlar bland annat dina personuppgifter f\u00f6r att kunna fullg\u00f6ra avtalet med dig som kund, s\u00e5 som f\u00f6r att genomf\u00f6ra best\u00e4llningar\/k\u00f6p och f\u00f6r att kunna fullg\u00f6ra v\u00e5ra \u00e5taganden. Med st\u00f6d av denna lagliga grund behandlar vi \u00e4ven uppgifter om dig som kund s\u00e5som dina ink\u00f6p, ditt beteende p\u00e5 v\u00e5r hemsida, samt ditt intresse av v\u00e5ra erbjudande f\u00f6r att kunna fullg\u00f6ra v\u00e5rt \u00e5tagande att tillhandah\u00e5lla dig personliga erbjudanden.<\/p>\n\n\n\n<p><strong>Intresseavv\u00e4gning<\/strong>. \u00a0En del av den behandling av personuppgifter som vi utf\u00f6r baserar sig p\u00e5 en s\u00e5 kallad intresseavv\u00e4gning. Detta g\u00e4ller exempelvis den behandling vi utf\u00f6r f\u00f6r att kunna skicka erbjudanden till dig om v\u00e5ra tj\u00e4nster. City Office behandlar inte k\u00e4nsliga personuppgifter med st\u00f6d av en intresseavv\u00e4gning och utf\u00f6r ingen behandling som utg\u00f6r profilering med st\u00f6d av en intresseavv\u00e4gning.<\/p>\n\n\n\n<p><strong>R\u00e4ttslig f\u00f6rpliktelse<\/strong>. I vissa fall kan City Office ha en r\u00e4ttslig f\u00f6rpliktelse att behandla dina personuppgifter. Ett exempel f\u00f6r den behandling av personuppgifter som vi utf\u00f6r \u00e4r f\u00f6r att kunna uppfylla bokf\u00f6ringslagens krav.<\/p>\n\n\n\n<h2 class=\"wp-block-heading\">6. Hur l\u00e4nge sparar vi informationen?<\/h2>\n\n\n\n<p>Dina personuppgifter sparas endast s\u00e5 l\u00e4nge som det finns ett behov av att spara dem f\u00f6r att fullg\u00f6ra de \u00e4ndam\u00e5l som uppgifterna samlades in f\u00f6r i enlighet med denna Integritetspolicy.<\/p>\n\n\n\n<p>City Office kan komma att spara uppgifterna l\u00e4ngre om det beh\u00f6vs f\u00f6r att f\u00f6lja lagkrav eller f\u00f6r att bevaka City Offices r\u00e4ttsliga intressen, t.ex. om det p\u00e5g\u00e5r en juridisk process.<\/p>\n\n\n\n<h2 class=\"wp-block-heading\">7. E-handelss\u00e4kerhet<\/h2>\n\n\n\n<p>City Office \u00e4r de enda som \u00e4ger informationen som samlas in p\u00e5 v\u00e5ra webbplatser. Vi sparar uppgifter om kunder i h\u00f6gst 24 m\u00e5nader efter det att kunden senast genomf\u00f6rt en best\u00e4llning\/k\u00f6p eller p\u00e5 annat s\u00e4tt integrerat med City Office.<\/p>\n\n\n\n<h2 class=\"wp-block-heading\">8. Utl\u00e4mnande till tredje part<\/h2>\n\n\n\n<p>Vi s\u00e4ljer, handlar, eller p\u00e5 annat s\u00e4tt \u00f6verf\u00f6r, inte personligt identifierbar information till utomst\u00e5ende parter. Detta inkluderar inte betrodd tredje part som hj\u00e4lper oss att driva v\u00e5r webbplats eller v\u00e5rt f\u00f6retag, med kravet att dessa parter godk\u00e4nner att h\u00e5lla informationen konfidentiell.<\/p>\n\n\n\n<p>Vi anser att det \u00e4r n\u00f6dv\u00e4ndigt att dela information i syfte att unders\u00f6ka, f\u00f6rhindra eller vidta \u00e5tg\u00e4rder mot illegala aktiviteter, misst\u00e4nkt bedr\u00e4geri, situationer som medf\u00f6r en potentiell risk f\u00f6r en persons fysiska s\u00e4kerhet, brott mot v\u00e5ra anv\u00e4ndarvillkor eller andra tillf\u00e4llen d\u00e5 lagen eller myndighet kr\u00e4ver s\u00e5.<\/p>\n\n\n\n<p>Allm\u00e4nna uppgifter kan dock delas vidare till utomst\u00e5ende parter f\u00f6r marknadsf\u00f6ring, i annonssyfte eller andra \u00e4ndam\u00e5l.<\/p>\n\n\n\n<h2 class=\"wp-block-heading\">9. Informationsskydd<\/h2>\n\n\n\n<p>Vi vidtar en rad olika s\u00e4kerhets\u00e5tg\u00e4rder f\u00f6r att skydda dina personliga uppgifter. Vi anv\u00e4nder oss av avancerade krypteringsmetoder f\u00f6r att skydda k\u00e4nsliga uppgifter som \u00f6verf\u00f6rs \u00f6ver internet.<\/p>\n\n\n\n<p>Endast medarbetare med r\u00e4tt beh\u00f6righet f\u00e5r tillg\u00e5ng till personligt identifierbar information. De datorer\/servrar som anv\u00e4nds f\u00f6r att lagra personligt identifierbar information lagras i en s\u00e4ker milj\u00f6.<\/p>\n\n\n\n<h2 class=\"wp-block-heading\">10. Dina r\u00e4ttigheter<\/h2>\n\n\n\n<p>Du som \u00e4r registrerad hos City Office har flera r\u00e4ttigheter som du b\u00f6r k\u00e4nna till.<\/p>\n\n\n\n<ul class=\"wp-block-list\"><li>Du har r\u00e4tt att kostnadsfritt en g\u00e5ng per \u00e5r, f\u00f6rutsatt att du har ber\u00e4ttigat sk\u00e4l, genom en skriftlig undertecknad ans\u00f6kan erh\u00e5lla ett registerutdrag \u00f6ver vilken information som finns registrerad om dig.<\/li><li>Du har i vissa fall \u00e4ven r\u00e4tt till dataportabilitet, det inneb\u00e4r att under vissa f\u00f6ruts\u00e4ttningar f\u00e5 ut och \u00f6verf\u00f6ra dina personuppgifter i ett strukturerat, allm\u00e4nt anv\u00e4nt och maskinl\u00e4sbart format till en annan personuppgiftsansvarig.<\/li><li>Du har r\u00e4tt till att f\u00e5 dina personuppgifter korrigerade om de \u00e4r felaktiga, ofullst\u00e4ndiga eller missvisande och r\u00e4tt att begr\u00e4nsa behandlingen av personuppgifter tills de blir \u00e4ndrade.<\/li><li>Du har r\u00e4tten att bli gl\u00f6md, men radering av personuppgifter kan inte ske om det kr\u00e4vs f\u00f6r att fullg\u00f6ra avtalet eller om annan svensk eller europeisk lag, domstols- eller myndighetsbeslut s\u00e4ger annat, samt om det baseras p\u00e5 intresseavv\u00e4gning. Skulle du tycka att det inte finns ber\u00e4ttigade sk\u00e4l eller att intresseavv\u00e4gningen \u00e4r felaktig har du r\u00e4tt att inv\u00e4nda mot behandlingen.<\/li><li>Du har ocks\u00e5 r\u00e4tt att dra in ett samtycke, l\u00e4mna eventuella klagom\u00e5l om behandlingen till Datainspektionen, mots\u00e4tta dig automatiskt beslutsfattande och inv\u00e4nda mot direktmarknadsf\u00f6ring.<\/li><\/ul>\n\n\n\n<p>N\u00e4r det g\u00e4ller personuppgifter som behandlas i samband med antagande av kunder och uppdrag p\u00e5 redovisningsavdelningen s\u00e5 \u00e4r City Office skyldig att bevara dokumentationen i detta avseende under minst 7 \u00e5r.<\/p>\n\n\n\n<p>Detta medf\u00f6r att det inte \u00e4r till\u00e5tet att radera personuppgifter som ing\u00e5r i s\u00e5dan dokumentation dessf\u00f6rinnan och ibland inte hellre till\u00e5tet att r\u00e4tta uppgifterna. Av n\u00e4mnda sk\u00e4l \u00e4r det inte m\u00f6jligt f\u00f6r City Office att i s\u00e5dant fall p\u00e5 beg\u00e4ran fr\u00e5n en registrerad begr\u00e4nsa eller inskr\u00e4nka behandlingen av personuppgifterna.<\/p>\n\n\n\n<p>N\u00e4r det g\u00e4ller personuppgifter f\u00f6r marknads\u00e4ndam\u00e5l har registrerade dock r\u00e4tt att beg\u00e4ra radering, r\u00e4ttelse, begr\u00e4sning och att inv\u00e4nda mot behandling av sina personuppgifter f\u00f6r s\u00e5dana \u00e4ndam\u00e5l.<\/p>\n\n\n\n<h2 class=\"wp-block-heading\">11. Cookies<\/h2>\n\n\n\n<p>N\u00e4r du bes\u00f6ker v\u00e5r hemsida anv\u00e4nder vi cookies, v\u00e5r anv\u00e4ndning av cookies kopplas \u00f6ver huvud taget inte till personlig identifierbar information p\u00e5 v\u00e5r webbplats.<\/p>\n\n\n\n<h2 class=\"wp-block-heading\">12. \u00c4ndring av integritetspolicy<\/h2>\n\n\n\n<p>City Office har r\u00e4tt att n\u00e4r som helst \u00e4ndra integritetspolicyn och kommer att med rimligt varsel informera dig vid \u00e4ndringar av integritetspolicyn. Om du inte vill godta \u00e4ndringarna har du r\u00e4tt att s\u00e4ga upp ditt avtal innan den \u00e4ndrade policyn tr\u00e4der i kraft.<\/p>\n\n\n\n<h2 class=\"wp-block-heading\">13. Kontaktinformation<\/h2>\n\n\n\n<p>Har du fr\u00e5gor kring denna policy och behandlingen av dina personuppgifter, vill \u00e4ndra felaktiga eller radera uppgifter kan du kontakta oss genom de kontaktuppgifter som finns p\u00e5 <a href=\"https:\/\/www.cityoffice.se\/kontakt\/\">v\u00e5r webbplats<\/a>.<\/p>\n\n\n\n<hr class=\"wp-block-separator is-style-wide\"\/>\n\n\n\n<p>Senast \u00e4ndrad 2018-08-29<\/p>\n","protected":false},"excerpt":{"rendered":"<p>Denna integritetspolicy beskriver hur City Office in WTC AB (forts\u00e4ttningsvis kallat City Office) samlar in och behandlar dina personuppgifter. 1. Personuppgiftsansvarig Respektive bolag enligt ovan som du l\u00e4mnat personuppgifter till \u00e4r personuppgiftsansvarig f\u00f6r behandling av dina uppgifter och ansvarar f\u00f6r att s\u00e5dan behandling sker i enlighet med till\u00e4mplig lagstiftning. 2. Insamling av information Vi samlar [&hellip;]<\/p>\n","protected":false},"author":1,"featured_media":0,"parent":0,"menu_order":0,"comment_status":"closed","ping_status":"closed","template":"","meta":{"page_specific_styles":"","footnotes":""},"class_list":["post-3","page","type-page","status-publish","hentry"],"featured_media_data":{"id":0,"alt":false,"srcset":false,"sizes":{"thumbnail":false,"medium":false,"medium_large":false,"large":false,"1536x1536":false,"2048x2048":false,"xlarge":false,"gform-image-choice-sm":false,"gform-image-choice-md":false,"gform-image-choice-lg":false}},"yoast_head":"<!-- This site is optimized with the Yoast SEO plugin v15.5 - https:\/\/yoast.com\/wordpress\/plugins\/seo\/ -->\n<title>Privacy Policy - City Office<\/title>\n<meta name=\"robots\" content=\"index, follow, max-snippet:-1, max-image-preview:large, max-video-preview:-1\" \/>\n<link rel=\"canonical\" href=\"https:\/\/cityoffice.bmedia.dev\/en\/privacy-policy\/\" \/>\n<meta property=\"og:locale\" content=\"en_US\" \/>\n<meta property=\"og:type\" content=\"article\" \/>\n<meta property=\"og:title\" content=\"Privacy Policy - City Office\" \/>\n<meta property=\"og:description\" content=\"Denna integritetspolicy beskriver hur City Office in WTC AB (forts\u00e4ttningsvis kallat City Office) samlar in och behandlar dina personuppgifter. 1. Personuppgiftsansvarig Respektive bolag enligt ovan som du l\u00e4mnat personuppgifter till \u00e4r personuppgiftsansvarig f\u00f6r behandling av dina uppgifter och ansvarar f\u00f6r att s\u00e5dan behandling sker i enlighet med till\u00e4mplig lagstiftning. 2. Insamling av information Vi samlar [&hellip;]\" \/>\n<meta property=\"og:url\" content=\"https:\/\/cityoffice.bmedia.dev\/en\/privacy-policy\/\" \/>\n<meta property=\"og:site_name\" content=\"City Office\" \/>\n<meta property=\"article:publisher\" content=\"https:\/\/www.facebook.com\/cityofficese\/\" \/>\n<meta property=\"article:modified_time\" content=\"2020-07-07T08:22:12+00:00\" \/>\n<meta property=\"og:image\" content=\"https:\/\/www.cityoffice.se\/en\/wp-content\/uploads\/sites\/2\/2020\/07\/city-office-og.jpg\" \/>\n\t<meta property=\"og:image:width\" content=\"1200\" \/>\n\t<meta property=\"og:image:height\" content=\"628\" \/>\n<meta name=\"twitter:card\" content=\"summary_large_image\" \/>\n<meta name=\"twitter:label1\" content=\"Est. reading time\">\n\t<meta name=\"twitter:data1\" content=\"6 minutes\">\n<script type=\"application\/ld+json\" class=\"yoast-schema-graph\">{\"@context\":\"https:\/\/schema.org\",\"@graph\":[{\"@type\":\"Organization\",\"@id\":\"https:\/\/cityoffice.bmedia.dev\/en\/#organization\",\"name\":\"City Office\",\"url\":\"https:\/\/cityoffice.bmedia.dev\/en\/\",\"sameAs\":[\"https:\/\/www.facebook.com\/cityofficese\/\",\"https:\/\/www.instagram.com\/cityoffice\/\",\"https:\/\/www.linkedin.com\/company\/city-office-in-wtc\/\"],\"logo\":{\"@type\":\"ImageObject\",\"@id\":\"https:\/\/cityoffice.bmedia.dev\/en\/#logo\",\"inLanguage\":\"en-US\",\"url\":\"https:\/\/www.cityoffice.se\/en\/wp-content\/uploads\/sites\/2\/2020\/07\/cityoffice-logo.svg\",\"width\":495,\"height\":115,\"caption\":\"City Office\"},\"image\":{\"@id\":\"https:\/\/cityoffice.bmedia.dev\/en\/#logo\"}},{\"@type\":\"WebSite\",\"@id\":\"https:\/\/cityoffice.bmedia.dev\/en\/#website\",\"url\":\"https:\/\/cityoffice.bmedia.dev\/en\/\",\"name\":\"City Office\",\"description\":\"\",\"publisher\":{\"@id\":\"https:\/\/cityoffice.bmedia.dev\/en\/#organization\"},\"potentialAction\":[{\"@type\":\"SearchAction\",\"target\":\"https:\/\/cityoffice.bmedia.dev\/en\/?s={search_term_string}\",\"query-input\":\"required name=search_term_string\"}],\"inLanguage\":\"en-US\"},{\"@type\":\"WebPage\",\"@id\":\"https:\/\/cityoffice.bmedia.dev\/en\/privacy-policy\/#webpage\",\"url\":\"https:\/\/cityoffice.bmedia.dev\/en\/privacy-policy\/\",\"name\":\"Privacy Policy - City Office\",\"isPartOf\":{\"@id\":\"https:\/\/cityoffice.bmedia.dev\/en\/#website\"},\"datePublished\":\"2020-07-03T18:53:37+00:00\",\"dateModified\":\"2020-07-07T08:22:12+00:00\",\"inLanguage\":\"en-US\",\"potentialAction\":[{\"@type\":\"ReadAction\",\"target\":[\"https:\/\/cityoffice.bmedia.dev\/en\/privacy-policy\/\"]}]}]}<\/script>\n<!-- \/ Yoast SEO plugin. -->","_links":{"self":[{"href":"https:\/\/www.cityoffice.se\/en\/wp-json\/wp\/v2\/pages\/3","targetHints":{"allow":["GET"]}}],"collection":[{"href":"https:\/\/www.cityoffice.se\/en\/wp-json\/wp\/v2\/pages"}],"about":[{"href":"https:\/\/www.cityoffice.se\/en\/wp-json\/wp\/v2\/types\/page"}],"author":[{"embeddable":true,"href":"https:\/\/www.cityoffice.se\/en\/wp-json\/wp\/v2\/users\/1"}],"replies":[{"embeddable":true,"href":"https:\/\/www.cityoffice.se\/en\/wp-json\/wp\/v2\/comments?post=3"}],"version-history":[{"count":1,"href":"https:\/\/www.cityoffice.se\/en\/wp-json\/wp\/v2\/pages\/3\/revisions"}],"predecessor-version":[{"id":1155,"href":"https:\/\/www.cityoffice.se\/en\/wp-json\/wp\/v2\/pages\/3\/revisions\/1155"}],"wp:attachment":[{"href":"https:\/\/www.cityoffice.se\/en\/wp-json\/wp\/v2\/media?parent=3"}],"curies":[{"name":"wp","href":"https:\/\/api.w.org\/{rel}","templated":true}]}}