{"id":21,"date":"2020-07-03T21:48:29","date_gmt":"2020-07-03T19:48:29","guid":{"rendered":"https:\/\/www.cityoffice.se\/?page_id=21"},"modified":"2023-03-31T17:06:52","modified_gmt":"2023-03-31T15:06:52","slug":"meeting-rooms","status":"publish","type":"page","link":"https:\/\/www.cityoffice.se\/en\/meeting-rooms\/","title":{"rendered":"Meeting Rooms"},"content":{"rendered":"\n<section class=\"wp-block-bm-hero alignfull hero section has-overlay has-figure has-figure-image theme-light has-dark-background is-style-cover has-primary-background-color has-background\"><figure class=\"media-object is-image is-fitted hero-figure\"><img loading=\"lazy\" decoding=\"async\" width=\"2560\" height=\"1707\" src=\"https:\/\/www.cityoffice.se\/wp-content\/uploads\/sites\/2\/2020\/07\/04-scaled.jpg\" alt=\"\" class=\"media-object-image wp-image-288 hero-figure-source\" style=\"object-position:50% 50%\" srcset=\"https:\/\/www.cityoffice.se\/en\/wp-content\/uploads\/sites\/2\/2020\/07\/04-scaled.jpg 2560w, https:\/\/www.cityoffice.se\/en\/wp-content\/uploads\/sites\/2\/2020\/07\/04-640x427.jpg 640w, https:\/\/www.cityoffice.se\/en\/wp-content\/uploads\/sites\/2\/2020\/07\/04-1200x800.jpg 1200w, https:\/\/www.cityoffice.se\/en\/wp-content\/uploads\/sites\/2\/2020\/07\/04-768x512.jpg 768w, https:\/\/www.cityoffice.se\/en\/wp-content\/uploads\/sites\/2\/2020\/07\/04-1536x1024.jpg 1536w, https:\/\/www.cityoffice.se\/en\/wp-content\/uploads\/sites\/2\/2020\/07\/04-2048x1365.jpg 2048w\" sizes=\"auto, (max-width: 2560px) 100vw, 2560px\" \/><\/figure><div class=\"hero-content\"><h1 class=\"hero-title\">Meeting Rooms<\/h1><p class=\"hero-subtitle\">A more central location is hard to find. For your next meeting we have modern, meeting rooms for between 1 and 20 people. From equipment to food and beverage, we tailor the experience after your needs and wishes.<\/p><div class=\"hero-arrow\"><a href=\"#\" class=\"hero-arrow-link js-hero-arrow-link\"><i class=\"hero-arrow-icon\"><\/i><\/a><\/div><\/div><\/section>\n\n\n\n<section class=\"alignfull section has-wide-content has-normal-vspacing section-wp-block-bm-section has-secondary-background-color has-background\"><div class=\"section-body\">\n<p class=\"is-style-lead\">Invite guests to find a new path forward, reflect on finished projects and embark on new journeys. Our seven modern meeting rooms makes you and your guests feel well taken care of.<\/p>\n<\/div><\/section>\n\n\n\n<section class=\"wp-block-bm-cards alignfull section has-footer has-page-width-content has-normal-vspacing section-wp-block-bm-cards has-secondary-background-color has-background\"><div class=\"section-body\"><div class=\"cards grid-x has-4-columns\">\n<div class=\"card grid-item has-fitted-figure has-no-link wp-block-bm-card\"><figure class=\"media-object is-image is-fitted card-figure\"><img loading=\"lazy\" decoding=\"async\" width=\"640\" height=\"427\" src=\"https:\/\/www.cityoffice.se\/en\/wp-content\/uploads\/sites\/2\/2020\/07\/04-640x427.jpg\" alt=\"M\u00f6tesrum Gripsholm hos City Office\" class=\"media-object-image wp-image-288 card-figure-source\" style=\"object-position:50% 50%\" srcset=\"https:\/\/www.cityoffice.se\/en\/wp-content\/uploads\/sites\/2\/2020\/07\/04-640x427.jpg 640w, https:\/\/www.cityoffice.se\/en\/wp-content\/uploads\/sites\/2\/2020\/07\/04-1200x800.jpg 1200w, https:\/\/www.cityoffice.se\/en\/wp-content\/uploads\/sites\/2\/2020\/07\/04-768x512.jpg 768w, https:\/\/www.cityoffice.se\/en\/wp-content\/uploads\/sites\/2\/2020\/07\/04-1536x1024.jpg 1536w, https:\/\/www.cityoffice.se\/en\/wp-content\/uploads\/sites\/2\/2020\/07\/04-2048x1365.jpg 2048w\" sizes=\"auto, (max-width: 640px) 100vw, 640px\" \/><\/figure><div class=\"card-body\"><h3 class=\"card-title\">Gripsholm<\/h3>\n<p>Up to 20 people<br><br><strong>Equipment<\/strong><br>Projector, TV screen, whiteboard and WiFi<\/p>\n<\/div><\/div>\n\n\n\n<div class=\"card grid-item has-fitted-figure has-no-link wp-block-bm-card\"><figure class=\"media-object is-image is-fitted card-figure\"><img loading=\"lazy\" decoding=\"async\" width=\"640\" height=\"427\" src=\"https:\/\/www.cityoffice.se\/en\/wp-content\/uploads\/sites\/2\/2018\/04\/Konferensbord-640x427.jpg\" alt=\"M\u00f6tesrum Tullgarn hos City Office kontorshotell\" class=\"media-object-image wp-image-798 card-figure-source\" style=\"object-position:50% 11%\" srcset=\"https:\/\/www.cityoffice.se\/en\/wp-content\/uploads\/sites\/2\/2018\/04\/Konferensbord-640x427.jpg 640w, https:\/\/www.cityoffice.se\/en\/wp-content\/uploads\/sites\/2\/2018\/04\/Konferensbord-1200x800.jpg 1200w, https:\/\/www.cityoffice.se\/en\/wp-content\/uploads\/sites\/2\/2018\/04\/Konferensbord-768x512.jpg 768w, https:\/\/www.cityoffice.se\/en\/wp-content\/uploads\/sites\/2\/2018\/04\/Konferensbord-1536x1024.jpg 1536w, https:\/\/www.cityoffice.se\/en\/wp-content\/uploads\/sites\/2\/2018\/04\/Konferensbord-2048x1365.jpg 2048w\" sizes=\"auto, (max-width: 640px) 100vw, 640px\" \/><\/figure><div class=\"card-body\"><h3 class=\"card-title\">Tullgarn<\/h3>\n<p>Up to 16 people<\/p>\n\n\n\n<p><strong>Equipment<\/strong><br>Projector, TV screen, whiteboard and WiFi<\/p>\n<\/div><\/div>\n\n\n\n<div class=\"card grid-item has-fitted-figure has-no-link wp-block-bm-card\"><figure class=\"media-object is-image is-fitted card-figure\"><img loading=\"lazy\" decoding=\"async\" width=\"640\" height=\"427\" src=\"https:\/\/www.cityoffice.se\/en\/wp-content\/uploads\/sites\/2\/2020\/07\/21-640x427.jpg\" alt=\"M\u00f6tesrum Tre Kronor hos City Office\" class=\"media-object-image wp-image-292 card-figure-source\" style=\"object-position:50% 50%\" srcset=\"https:\/\/www.cityoffice.se\/en\/wp-content\/uploads\/sites\/2\/2020\/07\/21-640x427.jpg 640w, https:\/\/www.cityoffice.se\/en\/wp-content\/uploads\/sites\/2\/2020\/07\/21-1200x800.jpg 1200w, https:\/\/www.cityoffice.se\/en\/wp-content\/uploads\/sites\/2\/2020\/07\/21-768x512.jpg 768w, https:\/\/www.cityoffice.se\/en\/wp-content\/uploads\/sites\/2\/2020\/07\/21-1536x1024.jpg 1536w, https:\/\/www.cityoffice.se\/en\/wp-content\/uploads\/sites\/2\/2020\/07\/21-2048x1365.jpg 2048w\" sizes=\"auto, (max-width: 640px) 100vw, 640px\" \/><\/figure><div class=\"card-body\"><h3 class=\"card-title\">Tre Kronor<\/h3>\n<p>Up to 12 people<\/p>\n\n\n\n<p><strong><strong>Equipment<\/strong><br><\/strong>Projector, TV screen, video conferencing, whiteboard and WiFi<\/p>\n<\/div><\/div>\n\n\n\n<div class=\"card grid-item has-fitted-figure has-no-link wp-block-bm-card is-style-normal\"><figure class=\"media-object is-image is-fitted card-figure\"><img loading=\"lazy\" decoding=\"async\" width=\"640\" height=\"480\" src=\"https:\/\/www.cityoffice.se\/en\/wp-content\/uploads\/sites\/2\/2020\/07\/image-1.png\" alt=\"M\u00f6tesrum Sofiero hos City Office\" class=\"media-object-image wp-image-123 card-figure-source\" style=\"object-position:50% 50%\" \/><\/figure><div class=\"card-body\"><h3 class=\"card-title\">Sofiero<\/h3>\n<p>Up to 8 people<\/p>\n\n\n\n<p><strong><strong>Equipment<\/strong><br><\/strong>Projector, TV screen, whiteboard and WiFi<\/p>\n<\/div><\/div>\n\n\n\n<div class=\"card grid-item has-fitted-figure has-no-link wp-block-bm-card\"><figure class=\"media-object is-image is-fitted card-figure\"><img loading=\"lazy\" decoding=\"async\" width=\"427\" height=\"640\" src=\"https:\/\/www.cityoffice.se\/en\/wp-content\/uploads\/sites\/2\/2020\/07\/08-427x640.jpg\" alt=\"M\u00f6tesrum Solliden hos City Office\" class=\"media-object-image wp-image-294 card-figure-source\" style=\"object-position:50% 50%\" srcset=\"https:\/\/www.cityoffice.se\/en\/wp-content\/uploads\/sites\/2\/2020\/07\/08-427x640.jpg 427w, https:\/\/www.cityoffice.se\/en\/wp-content\/uploads\/sites\/2\/2020\/07\/08-800x1200.jpg 800w, https:\/\/www.cityoffice.se\/en\/wp-content\/uploads\/sites\/2\/2020\/07\/08-768x1152.jpg 768w, https:\/\/www.cityoffice.se\/en\/wp-content\/uploads\/sites\/2\/2020\/07\/08-1024x1536.jpg 1024w, https:\/\/www.cityoffice.se\/en\/wp-content\/uploads\/sites\/2\/2020\/07\/08-1365x2048.jpg 1365w, https:\/\/www.cityoffice.se\/en\/wp-content\/uploads\/sites\/2\/2020\/07\/08-2048x3072.jpg 2048w, https:\/\/www.cityoffice.se\/en\/wp-content\/uploads\/sites\/2\/2020\/07\/08-scaled.jpg 1707w\" sizes=\"auto, (max-width: 427px) 100vw, 427px\" \/><\/figure><div class=\"card-body\"><h3 class=\"card-title\">Solliden<\/h3>\n<p>Up to 5 people<\/p>\n\n\n\n<p><strong>Utrustning:<\/strong><br>Whiteboard and WiFi<\/p>\n<\/div><\/div>\n\n\n\n<div class=\"card grid-item has-fitted-figure has-no-link wp-block-bm-card\"><figure class=\"media-object is-image is-fitted card-figure\"><img loading=\"lazy\" decoding=\"async\" width=\"640\" height=\"427\" src=\"https:\/\/www.cityoffice.se\/en\/wp-content\/uploads\/sites\/2\/2020\/07\/19-640x427.jpg\" alt=\"M\u00f6tesrum Haga hos City Office\" class=\"media-object-image wp-image-295 card-figure-source\" style=\"object-position:50% 50%\" srcset=\"https:\/\/www.cityoffice.se\/en\/wp-content\/uploads\/sites\/2\/2020\/07\/19-640x427.jpg 640w, https:\/\/www.cityoffice.se\/en\/wp-content\/uploads\/sites\/2\/2020\/07\/19-1200x800.jpg 1200w, https:\/\/www.cityoffice.se\/en\/wp-content\/uploads\/sites\/2\/2020\/07\/19-768x512.jpg 768w, https:\/\/www.cityoffice.se\/en\/wp-content\/uploads\/sites\/2\/2020\/07\/19-1536x1024.jpg 1536w, https:\/\/www.cityoffice.se\/en\/wp-content\/uploads\/sites\/2\/2020\/07\/19-2048x1365.jpg 2048w\" sizes=\"auto, (max-width: 640px) 100vw, 640px\" \/><\/figure><div class=\"card-body\"><h3 class=\"card-title\">Haga<\/h3>\n<p>Up to 4 people<\/p>\n\n\n\n<p><strong><strong><strong>Equipment<\/strong><br><\/strong><\/strong>TV screen, video conferencing, whiteboard and WiFi<\/p>\n<\/div><\/div>\n\n\n\n<div class=\"card grid-item has-fitted-figure has-no-link wp-block-bm-card\"><figure class=\"media-object is-image is-fitted card-figure\"><img loading=\"lazy\" decoding=\"async\" width=\"640\" height=\"427\" src=\"https:\/\/www.cityoffice.se\/en\/wp-content\/uploads\/sites\/2\/2020\/07\/V2A6984_w-640x427.jpg\" alt=\"M\u00f6tesrum L\u00e4ck\u00f6 hos City Office\" class=\"media-object-image wp-image-296 card-figure-source\" style=\"object-position:50% 50%\" srcset=\"https:\/\/www.cityoffice.se\/en\/wp-content\/uploads\/sites\/2\/2020\/07\/V2A6984_w-640x427.jpg 640w, https:\/\/www.cityoffice.se\/en\/wp-content\/uploads\/sites\/2\/2020\/07\/V2A6984_w-1200x800.jpg 1200w, https:\/\/www.cityoffice.se\/en\/wp-content\/uploads\/sites\/2\/2020\/07\/V2A6984_w-768x512.jpg 768w, https:\/\/www.cityoffice.se\/en\/wp-content\/uploads\/sites\/2\/2020\/07\/V2A6984_w-1536x1024.jpg 1536w, https:\/\/www.cityoffice.se\/en\/wp-content\/uploads\/sites\/2\/2020\/07\/V2A6984_w-2048x1365.jpg 2048w\" sizes=\"auto, (max-width: 640px) 100vw, 640px\" \/><\/figure><div class=\"card-body\"><h3 class=\"card-title\">L\u00e4ck\u00f6<\/h3>\n<p>Up to 4 people<\/p>\n\n\n\n<p><strong>Equipment<\/strong><br>Whiteboard and WiFi<\/p>\n<\/div><\/div>\n<\/div><\/div><footer class=\"section-footer is-center-aligned\"><div class=\"section-footer-content\"><div class=\"section-footer-cta\"><a class=\"section-footer-cta-button button\" href=\"https:\/\/www.cityoffice.se\/en\/contact\/\">Book a Meeting Room<\/a><\/div><\/div><\/footer><\/section>\n\n\n\n<section class=\"wp-block-bm-info-block alignfull section has-page-width-content has-normal-vspacing section-wp-block-bm-info-block has-secondary-background-color has-background\"><div class=\"section-body\"><div class=\"info-block has-figure-left figure-type-image vertical-align-center has-layout-even-split\"><figure class=\"media-object is-image info-block-figure\"><img loading=\"lazy\" decoding=\"async\" width=\"640\" height=\"480\" src=\"https:\/\/www.cityoffice.se\/en\/wp-content\/uploads\/sites\/2\/2020\/07\/image-1.png\" alt=\"M\u00f6tesrum Sofiero hos City Office\" class=\"media-object-image wp-image-123 info-block-figure-source\" \/><\/figure><div class=\"info-block-content\">\n<h2 class=\"wp-block-heading\">Meeting Rooms equipped for Video Conferencing<\/h2>\n\n\n\n<p>Need to meet colleagues or partners in another city or country? A great video meeting requires not only presence but the right technology. Two of our conference rooms are equipped with high-definition video and audio for high-quality only meetings.<\/p>\n<\/div><\/div><\/div><\/section>\n\n\n\n<section class=\"wp-block-bm-info-block alignfull section has-page-width-content has-normal-vspacing section-wp-block-bm-info-block has-secondary-background-color has-background\"><div class=\"section-body\"><div class=\"info-block has-figure-right figure-type-image vertical-align-center has-layout-even-split\"><figure class=\"media-object is-image info-block-figure\"><img loading=\"lazy\" decoding=\"async\" width=\"900\" height=\"600\" src=\"https:\/\/www.cityoffice.se\/en\/wp-content\/uploads\/sites\/2\/2020\/07\/vf0pryu4ujo74bqgct8x.jpg\" alt=\"Fasaden p\u00e5 World Trade Center i Stockholm mot Klarabergsviadukten\" class=\"media-object-image wp-image-170 info-block-figure-source\" srcset=\"https:\/\/www.cityoffice.se\/en\/wp-content\/uploads\/sites\/2\/2020\/07\/vf0pryu4ujo74bqgct8x.jpg 900w, https:\/\/www.cityoffice.se\/en\/wp-content\/uploads\/sites\/2\/2020\/07\/vf0pryu4ujo74bqgct8x-640x427.jpg 640w, https:\/\/www.cityoffice.se\/en\/wp-content\/uploads\/sites\/2\/2020\/07\/vf0pryu4ujo74bqgct8x-768x512.jpg 768w\" sizes=\"auto, (max-width: 900px) 100vw, 900px\" \/><\/figure><div class=\"info-block-content\">\n<h2 class=\"wp-block-heading\">In our meeting rooms you are near everything you need<\/h2>\n\n\n\n<p>City Office in World Trade Center is located in central Stockholm with transport, commerce and entertainment around the corner. In-house you will find everything from indoor visitor parking to multiple restaurants and hotels.<\/p>\n\n\n\n<p>When you are done for the day, why not take the opportunity to enjoy yourselves somewhere in Stockholm city? When it&#8217;s time to head home or onwards, reach the Central Station by elevator where you&#8217;ll find tube, train and airport connections.<\/p>\n<\/div><\/div><\/div><\/section>\n\n\n\n<div class=\"wp-block-cover alignfull\"><span aria-hidden=\"true\" class=\"has-accent-background-color has-background-dim-60 wp-block-cover__gradient-background has-background-dim\"><\/span><img loading=\"lazy\" decoding=\"async\" width=\"1498\" height=\"1000\" class=\"wp-block-cover__image-background wp-image-304\" src=\"https:\/\/www.cityoffice.se\/wp-content\/uploads\/sites\/2\/2020\/07\/21.santiago.jpg\" data-object-fit=\"cover\" srcset=\"https:\/\/www.cityoffice.se\/en\/wp-content\/uploads\/sites\/2\/2020\/07\/21.santiago.jpg 1498w, https:\/\/www.cityoffice.se\/en\/wp-content\/uploads\/sites\/2\/2020\/07\/21.santiago-640x427.jpg 640w, https:\/\/www.cityoffice.se\/en\/wp-content\/uploads\/sites\/2\/2020\/07\/21.santiago-1200x801.jpg 1200w, https:\/\/www.cityoffice.se\/en\/wp-content\/uploads\/sites\/2\/2020\/07\/21.santiago-768x513.jpg 768w\" sizes=\"auto, (max-width: 1498px) 100vw, 1498px\" \/><div class=\"wp-block-cover__inner-container is-layout-flow wp-block-cover-is-layout-flow\">\n<h2 class=\"has-text-align-center wp-block-heading\">Need a bigger conference space?<\/h2>\n\n\n\n<p class=\"has-text-align-center\">Our meeting rooms fit 1-20 people. Perfect for everything from status meetings to workshops. For larger events we help you with a reservation at the World Trade Center conference venue right across from us. There you can find rooms for conferences and events up to 1200 guests.<\/p>\n<\/div><\/div>\n","protected":false},"excerpt":{"rendered":"","protected":false},"author":1,"featured_media":0,"parent":0,"menu_order":0,"comment_status":"closed","ping_status":"closed","template":"templates\/fullwidth.php","meta":{"page_specific_styles":"","footnotes":""},"class_list":["post-21","page","type-page","status-publish","hentry"],"featured_media_data":{"id":0,"alt":false,"srcset":false,"sizes":{"thumbnail":false,"medium":false,"medium_large":false,"large":false,"1536x1536":false,"2048x2048":false,"xlarge":false,"gform-image-choice-sm":false,"gform-image-choice-md":false,"gform-image-choice-lg":false}},"yoast_head":"<!-- This site is optimized with the Yoast SEO plugin v15.5 - https:\/\/yoast.com\/wordpress\/plugins\/seo\/ -->\n<title>Moderna m\u00f6tesrum i Stockholm City - n\u00e4ra till allt - City Office<\/title>\n<meta name=\"description\" content=\"Till ditt n\u00e4sta m\u00f6te har vi har smarta, v\u00e4lutrustade m\u00f6tesrum f\u00f6r 1 till 20 personer. Vi skr\u00e4ddarsyr efter dina behov och \u00f6nskem\u00e5l fr\u00e5n utrustning till mat.\" \/>\n<meta name=\"robots\" content=\"index, follow, max-snippet:-1, max-image-preview:large, max-video-preview:-1\" \/>\n<link rel=\"canonical\" href=\"https:\/\/www.cityoffice.se\/en\/meeting-rooms\/\" \/>\n<meta property=\"og:locale\" content=\"en_US\" \/>\n<meta property=\"og:type\" content=\"article\" \/>\n<meta property=\"og:title\" content=\"Moderna m\u00f6tesrum i Stockholm City - n\u00e4ra till allt - City Office\" \/>\n<meta property=\"og:description\" content=\"Till ditt n\u00e4sta m\u00f6te har vi har smarta, v\u00e4lutrustade m\u00f6tesrum f\u00f6r 1 till 20 personer. Vi skr\u00e4ddarsyr efter dina behov och \u00f6nskem\u00e5l fr\u00e5n utrustning till mat.\" \/>\n<meta property=\"og:url\" content=\"https:\/\/www.cityoffice.se\/en\/meeting-rooms\/\" \/>\n<meta property=\"og:site_name\" content=\"City Office\" \/>\n<meta property=\"article:publisher\" content=\"https:\/\/www.facebook.com\/cityofficese\/\" \/>\n<meta property=\"article:modified_time\" content=\"2023-03-31T15:06:52+00:00\" \/>\n<meta property=\"og:image\" content=\"https:\/\/www.cityoffice.se\/wp-content\/uploads\/sites\/2\/2020\/07\/04-scaled.jpg\" \/>\n<meta name=\"twitter:card\" content=\"summary_large_image\" \/>\n<meta name=\"twitter:label1\" content=\"Est. reading time\">\n\t<meta name=\"twitter:data1\" content=\"1 minute\">\n<script type=\"application\/ld+json\" class=\"yoast-schema-graph\">{\"@context\":\"https:\/\/schema.org\",\"@graph\":[{\"@type\":\"Organization\",\"@id\":\"https:\/\/cityoffice.bmedia.dev\/en\/#organization\",\"name\":\"City Office\",\"url\":\"https:\/\/cityoffice.bmedia.dev\/en\/\",\"sameAs\":[\"https:\/\/www.facebook.com\/cityofficese\/\",\"https:\/\/www.instagram.com\/cityoffice\/\",\"https:\/\/www.linkedin.com\/company\/city-office-in-wtc\/\"],\"logo\":{\"@type\":\"ImageObject\",\"@id\":\"https:\/\/cityoffice.bmedia.dev\/en\/#logo\",\"inLanguage\":\"en-US\",\"url\":\"https:\/\/www.cityoffice.se\/en\/wp-content\/uploads\/sites\/2\/2020\/07\/cityoffice-logo.svg\",\"width\":495,\"height\":115,\"caption\":\"City Office\"},\"image\":{\"@id\":\"https:\/\/cityoffice.bmedia.dev\/en\/#logo\"}},{\"@type\":\"WebSite\",\"@id\":\"https:\/\/cityoffice.bmedia.dev\/en\/#website\",\"url\":\"https:\/\/cityoffice.bmedia.dev\/en\/\",\"name\":\"City Office\",\"description\":\"\",\"publisher\":{\"@id\":\"https:\/\/cityoffice.bmedia.dev\/en\/#organization\"},\"potentialAction\":[{\"@type\":\"SearchAction\",\"target\":\"https:\/\/cityoffice.bmedia.dev\/en\/?s={search_term_string}\",\"query-input\":\"required name=search_term_string\"}],\"inLanguage\":\"en-US\"},{\"@type\":\"ImageObject\",\"@id\":\"https:\/\/www.cityoffice.se\/en\/meeting-rooms\/#primaryimage\",\"inLanguage\":\"en-US\",\"url\":\"https:\/\/www.cityoffice.se\/wp-content\/uploads\/sites\/2\/2020\/07\/04-scaled.jpg\"},{\"@type\":\"WebPage\",\"@id\":\"https:\/\/www.cityoffice.se\/en\/meeting-rooms\/#webpage\",\"url\":\"https:\/\/www.cityoffice.se\/en\/meeting-rooms\/\",\"name\":\"Moderna m\\u00f6tesrum i Stockholm City - n\\u00e4ra till allt - City Office\",\"isPartOf\":{\"@id\":\"https:\/\/cityoffice.bmedia.dev\/en\/#website\"},\"primaryImageOfPage\":{\"@id\":\"https:\/\/www.cityoffice.se\/en\/meeting-rooms\/#primaryimage\"},\"datePublished\":\"2020-07-03T19:48:29+00:00\",\"dateModified\":\"2023-03-31T15:06:52+00:00\",\"description\":\"Till ditt n\\u00e4sta m\\u00f6te har vi har smarta, v\\u00e4lutrustade m\\u00f6tesrum f\\u00f6r 1 till 20 personer. Vi skr\\u00e4ddarsyr efter dina behov och \\u00f6nskem\\u00e5l fr\\u00e5n utrustning till mat.\",\"inLanguage\":\"en-US\",\"potentialAction\":[{\"@type\":\"ReadAction\",\"target\":[\"https:\/\/www.cityoffice.se\/en\/meeting-rooms\/\"]}]}]}<\/script>\n<!-- \/ Yoast SEO plugin. -->","_links":{"self":[{"href":"https:\/\/www.cityoffice.se\/en\/wp-json\/wp\/v2\/pages\/21","targetHints":{"allow":["GET"]}}],"collection":[{"href":"https:\/\/www.cityoffice.se\/en\/wp-json\/wp\/v2\/pages"}],"about":[{"href":"https:\/\/www.cityoffice.se\/en\/wp-json\/wp\/v2\/types\/page"}],"author":[{"embeddable":true,"href":"https:\/\/www.cityoffice.se\/en\/wp-json\/wp\/v2\/users\/1"}],"replies":[{"embeddable":true,"href":"https:\/\/www.cityoffice.se\/en\/wp-json\/wp\/v2\/comments?post=21"}],"version-history":[{"count":5,"href":"https:\/\/www.cityoffice.se\/en\/wp-json\/wp\/v2\/pages\/21\/revisions"}],"predecessor-version":[{"id":1351,"href":"https:\/\/www.cityoffice.se\/en\/wp-json\/wp\/v2\/pages\/21\/revisions\/1351"}],"wp:attachment":[{"href":"https:\/\/www.cityoffice.se\/en\/wp-json\/wp\/v2\/media?parent=21"}],"curies":[{"name":"wp","href":"https:\/\/api.w.org\/{rel}","templated":true}]}}