{"id":19,"date":"2020-07-03T21:46:51","date_gmt":"2020-07-03T19:46:51","guid":{"rendered":"https:\/\/www.cityoffice.se\/?page_id=19"},"modified":"2023-03-31T17:05:40","modified_gmt":"2023-03-31T15:05:40","slug":"coworking","status":"publish","type":"page","link":"https:\/\/www.cityoffice.se\/en\/coworking\/","title":{"rendered":"Co-Working"},"content":{"rendered":"\n<section class=\"wp-block-bm-hero alignfull hero section has-overlay has-figure has-figure-image theme-light has-dark-background is-style-cover has-primary-background-color has-background\"><figure class=\"media-object is-image is-fitted hero-figure\"><img loading=\"lazy\" decoding=\"async\" width=\"640\" height=\"475\" src=\"https:\/\/www.cityoffice.se\/wp-content\/uploads\/sites\/2\/2020\/07\/image.png\" alt=\"\" class=\"media-object-image wp-image-63 hero-figure-source\" style=\"object-position:50% 50%\" \/><\/figure><div class=\"hero-content\"><h1 class=\"hero-title\">Co-Working<\/h1><p class=\"hero-subtitle\">A flexible workspace gives you a home in central Stockholm with easy access to transportation. Meet in our modern meeting rooms, get work done in our lounge or our shared office and get an exclusive address for your company.<\/p><div class=\"hero-arrow\"><a href=\"#\" class=\"hero-arrow-link js-hero-arrow-link\"><i class=\"hero-arrow-icon\"><\/i><\/a><\/div><\/div><\/section>\n\n\n\n<section class=\"wp-block-bm-info-block alignfull section has-page-width-content has-normal-vspacing section-wp-block-bm-info-block has-secondary-background-color has-background\"><div class=\"section-body\"><div class=\"info-block has-figure-left figure-type-image vertical-align-center has-layout-even-split\"><figure class=\"media-object is-image info-block-figure\"><img loading=\"lazy\" decoding=\"async\" width=\"1200\" height=\"800\" src=\"https:\/\/www.cityoffice.se\/en\/wp-content\/uploads\/sites\/2\/2020\/07\/coworking-p\u00e5-kontorshotell-1200x800.jpg\" alt=\"Coworking p\u00e5 kontorshotell\" class=\"media-object-image wp-image-35 info-block-figure-source\" srcset=\"https:\/\/www.cityoffice.se\/en\/wp-content\/uploads\/sites\/2\/2020\/07\/coworking-p\u00e5-kontorshotell-1200x800.jpg 1200w, https:\/\/www.cityoffice.se\/en\/wp-content\/uploads\/sites\/2\/2020\/07\/coworking-p\u00e5-kontorshotell-640x427.jpg 640w, https:\/\/www.cityoffice.se\/en\/wp-content\/uploads\/sites\/2\/2020\/07\/coworking-p\u00e5-kontorshotell-768x512.jpg 768w, https:\/\/www.cityoffice.se\/en\/wp-content\/uploads\/sites\/2\/2020\/07\/coworking-p\u00e5-kontorshotell-1536x1024.jpg 1536w, https:\/\/www.cityoffice.se\/en\/wp-content\/uploads\/sites\/2\/2020\/07\/coworking-p\u00e5-kontorshotell-2048x1365.jpg 2048w\" sizes=\"auto, (max-width: 1200px) 100vw, 1200px\" \/><\/figure><div class=\"info-block-content\">\n<h2 class=\"wp-block-heading\">Virtual Office<\/h2>\n\n\n\n<p>A virtual office makes your company look professional even when you don&#8217;t need a permanent private office. Get an exclusive Stockholm city address, personalized phone reception service and a profesional space with access to meeting rooms and workspaces when you need during our opening hours.<\/p>\n\n\n\n<div class=\"wp-block-buttons is-layout-flex wp-block-buttons-is-layout-flex\">\n<div class=\"wp-block-button\"><a class=\"wp-block-button__link\" href=\"https:\/\/www.cityoffice.se\/en\/coworking\/virtual-office\/\">About Virtual Office<\/a><\/div>\n<\/div>\n\n\n\n<p><\/p>\n<\/div><\/div><\/div><\/section>\n","protected":false},"excerpt":{"rendered":"","protected":false},"author":1,"featured_media":0,"parent":0,"menu_order":0,"comment_status":"closed","ping_status":"closed","template":"templates\/fullwidth.php","meta":{"page_specific_styles":"","footnotes":""},"class_list":["post-19","page","type-page","status-publish","hentry"],"featured_media_data":{"id":0,"alt":false,"srcset":false,"sizes":{"thumbnail":false,"medium":false,"medium_large":false,"large":false,"1536x1536":false,"2048x2048":false,"xlarge":false,"gform-image-choice-sm":false,"gform-image-choice-md":false,"gform-image-choice-lg":false}},"yoast_head":"<!-- This site is optimized with the Yoast SEO plugin v15.5 - https:\/\/yoast.com\/wordpress\/plugins\/seo\/ -->\n<title>Co-working i Stockholm - City Office kontorshotell i World Trade Center<\/title>\n<meta name=\"description\" content=\"Co-working hos oss ger dig en flexibel arbetsplats och exklusiv adress mitt i Stockholm city med n\u00e4rhet till allt. Tillg\u00e5ng till lounge, m\u00f6tesrum &amp; service.\" \/>\n<meta name=\"robots\" content=\"index, follow, max-snippet:-1, max-image-preview:large, max-video-preview:-1\" \/>\n<link rel=\"canonical\" href=\"https:\/\/www.cityoffice.se\/en\/coworking\/\" \/>\n<meta property=\"og:locale\" content=\"en_US\" \/>\n<meta property=\"og:type\" content=\"article\" \/>\n<meta property=\"og:title\" content=\"Co-working i Stockholm - City Office kontorshotell i World Trade Center\" \/>\n<meta property=\"og:description\" content=\"Co-working hos oss ger dig en flexibel arbetsplats och exklusiv adress mitt i Stockholm city med n\u00e4rhet till allt. Tillg\u00e5ng till lounge, m\u00f6tesrum &amp; service.\" \/>\n<meta property=\"og:url\" content=\"https:\/\/www.cityoffice.se\/en\/coworking\/\" \/>\n<meta property=\"og:site_name\" content=\"City Office\" \/>\n<meta property=\"article:publisher\" content=\"https:\/\/www.facebook.com\/cityofficese\/\" \/>\n<meta property=\"article:modified_time\" content=\"2023-03-31T15:05:40+00:00\" \/>\n<meta property=\"og:image\" content=\"https:\/\/www.cityoffice.se\/wp-content\/uploads\/sites\/2\/2020\/07\/image.png\" \/>\n<meta name=\"twitter:card\" content=\"summary_large_image\" \/>\n<meta name=\"twitter:label1\" content=\"Est. reading time\">\n\t<meta name=\"twitter:data1\" content=\"0 minutes\">\n<script type=\"application\/ld+json\" class=\"yoast-schema-graph\">{\"@context\":\"https:\/\/schema.org\",\"@graph\":[{\"@type\":\"Organization\",\"@id\":\"https:\/\/cityoffice.bmedia.dev\/en\/#organization\",\"name\":\"City Office\",\"url\":\"https:\/\/cityoffice.bmedia.dev\/en\/\",\"sameAs\":[\"https:\/\/www.facebook.com\/cityofficese\/\",\"https:\/\/www.instagram.com\/cityoffice\/\",\"https:\/\/www.linkedin.com\/company\/city-office-in-wtc\/\"],\"logo\":{\"@type\":\"ImageObject\",\"@id\":\"https:\/\/cityoffice.bmedia.dev\/en\/#logo\",\"inLanguage\":\"en-US\",\"url\":\"https:\/\/www.cityoffice.se\/en\/wp-content\/uploads\/sites\/2\/2020\/07\/cityoffice-logo.svg\",\"width\":495,\"height\":115,\"caption\":\"City Office\"},\"image\":{\"@id\":\"https:\/\/cityoffice.bmedia.dev\/en\/#logo\"}},{\"@type\":\"WebSite\",\"@id\":\"https:\/\/cityoffice.bmedia.dev\/en\/#website\",\"url\":\"https:\/\/cityoffice.bmedia.dev\/en\/\",\"name\":\"City Office\",\"description\":\"\",\"publisher\":{\"@id\":\"https:\/\/cityoffice.bmedia.dev\/en\/#organization\"},\"potentialAction\":[{\"@type\":\"SearchAction\",\"target\":\"https:\/\/cityoffice.bmedia.dev\/en\/?s={search_term_string}\",\"query-input\":\"required name=search_term_string\"}],\"inLanguage\":\"en-US\"},{\"@type\":\"ImageObject\",\"@id\":\"https:\/\/www.cityoffice.se\/en\/coworking\/#primaryimage\",\"inLanguage\":\"en-US\",\"url\":\"https:\/\/www.cityoffice.se\/wp-content\/uploads\/sites\/2\/2020\/07\/image.png\"},{\"@type\":\"WebPage\",\"@id\":\"https:\/\/www.cityoffice.se\/en\/coworking\/#webpage\",\"url\":\"https:\/\/www.cityoffice.se\/en\/coworking\/\",\"name\":\"Co-working i Stockholm - City Office kontorshotell i World Trade Center\",\"isPartOf\":{\"@id\":\"https:\/\/cityoffice.bmedia.dev\/en\/#website\"},\"primaryImageOfPage\":{\"@id\":\"https:\/\/www.cityoffice.se\/en\/coworking\/#primaryimage\"},\"datePublished\":\"2020-07-03T19:46:51+00:00\",\"dateModified\":\"2023-03-31T15:05:40+00:00\",\"description\":\"Co-working hos oss ger dig en flexibel arbetsplats och exklusiv adress mitt i Stockholm city med n\\u00e4rhet till allt. Tillg\\u00e5ng till lounge, m\\u00f6tesrum & service.\",\"inLanguage\":\"en-US\",\"potentialAction\":[{\"@type\":\"ReadAction\",\"target\":[\"https:\/\/www.cityoffice.se\/en\/coworking\/\"]}]}]}<\/script>\n<!-- \/ Yoast SEO plugin. -->","_links":{"self":[{"href":"https:\/\/www.cityoffice.se\/en\/wp-json\/wp\/v2\/pages\/19","targetHints":{"allow":["GET"]}}],"collection":[{"href":"https:\/\/www.cityoffice.se\/en\/wp-json\/wp\/v2\/pages"}],"about":[{"href":"https:\/\/www.cityoffice.se\/en\/wp-json\/wp\/v2\/types\/page"}],"author":[{"embeddable":true,"href":"https:\/\/www.cityoffice.se\/en\/wp-json\/wp\/v2\/users\/1"}],"replies":[{"embeddable":true,"href":"https:\/\/www.cityoffice.se\/en\/wp-json\/wp\/v2\/comments?post=19"}],"version-history":[{"count":5,"href":"https:\/\/www.cityoffice.se\/en\/wp-json\/wp\/v2\/pages\/19\/revisions"}],"predecessor-version":[{"id":1346,"href":"https:\/\/www.cityoffice.se\/en\/wp-json\/wp\/v2\/pages\/19\/revisions\/1346"}],"wp:attachment":[{"href":"https:\/\/www.cityoffice.se\/en\/wp-json\/wp\/v2\/media?parent=19"}],"curies":[{"name":"wp","href":"https:\/\/api.w.org\/{rel}","templated":true}]}}