{"id":17,"date":"2020-07-03T21:46:17","date_gmt":"2020-07-03T19:46:17","guid":{"rendered":"https:\/\/www.cityoffice.se\/?page_id=17"},"modified":"2023-03-31T17:07:22","modified_gmt":"2023-03-31T15:07:22","slug":"offices","status":"publish","type":"page","link":"https:\/\/www.cityoffice.se\/en\/offices\/","title":{"rendered":"Offices"},"content":{"rendered":"\n<section class=\"wp-block-bm-hero alignfull hero section has-overlay has-figure has-figure-image theme-light is-style-cover has-primary-background-color has-background\"><figure class=\"media-object is-image is-fitted hero-figure\"><img loading=\"lazy\" decoding=\"async\" width=\"1294\" height=\"863\" src=\"https:\/\/www.cityoffice.se\/wp-content\/uploads\/sites\/2\/2019\/07\/440_001.jpeg\" alt=\"Kontorsrum med plats f\u00f6r 2-4 personer hos City Office kontorshotell\" class=\"media-object-image wp-image-983 hero-figure-source\" style=\"object-position:50% 50%\" srcset=\"https:\/\/www.cityoffice.se\/en\/wp-content\/uploads\/sites\/2\/2019\/07\/440_001.jpeg 1294w, https:\/\/www.cityoffice.se\/en\/wp-content\/uploads\/sites\/2\/2019\/07\/440_001-640x427.jpeg 640w, https:\/\/www.cityoffice.se\/en\/wp-content\/uploads\/sites\/2\/2019\/07\/440_001-1200x800.jpeg 1200w, https:\/\/www.cityoffice.se\/en\/wp-content\/uploads\/sites\/2\/2019\/07\/440_001-768x512.jpeg 768w\" sizes=\"auto, (max-width: 1294px) 100vw, 1294px\" \/><\/figure><div class=\"hero-content\"><h1 class=\"hero-title\"><strong>Offices<\/strong><\/h1><p class=\"hero-subtitle\">At City Office you&#8217;ll find fully furnished private offices in World Trade Center right in central Stockholm with indoor access to the Central Station. Our members include many successful Swedish and global businesses.<\/p><div class=\"hero-arrow\"><a href=\"#\" class=\"hero-arrow-link js-hero-arrow-link\"><i class=\"hero-arrow-icon\"><\/i><\/a><\/div><\/div><\/section>\n\n\n\n<section class=\"wp-block-bm-teasers alignfull section has-header has-footer has-page-width-content has-normal-vspacing section-wp-block-bm-teasers has-secondary-background-color has-background\" aria-label=\"All you need for your new office\"><header class=\"section-header is-style-small\"><div class=\"section-header-content\"><h2 class=\"section-title\">All you need for your new office<\/h2><\/div><\/header><div class=\"section-body\"><div class=\"teasers grid-x has-4-columns\">\n<div class=\"teaser grid-item has-fa-icon has-no-link wp-block-bm-teaser is-style-normal\"><figure class=\"media-object is-icon teaser-figure\"><i class=\"icon far fa-lamp-desk\"><\/i><\/figure><div class=\"teaser-content\"><h3 class=\"teaser-title\">Fully-Furnished Offices<\/h3><p class=\"teaser-text\">You just need to move in. We furnish your room after your needs.<\/p><\/div><\/div>\n\n\n\n<div class=\"teaser grid-item has-fa-icon has-no-link wp-block-bm-teaser is-style-normal\"><figure class=\"media-object is-icon teaser-figure\"><i class=\"icon far fa-concierge-bell\"><\/i><\/figure><div class=\"teaser-content\"><h3 class=\"teaser-title\">Professional Service<\/h3><p class=\"teaser-text\">Our reception helps you and your guest with matters both big and small.<\/p><\/div><\/div>\n\n\n\n<div class=\"teaser grid-item has-fa-icon has-no-link wp-block-bm-teaser is-style-normal\"><figure class=\"media-object is-icon teaser-figure\"><i class=\"icon far fa-clock\"><\/i><\/figure><div class=\"teaser-content\"><h3 class=\"teaser-title\">24\/7 Access<\/h3><p class=\"teaser-text\">Your keycard gives you access to your office around the clock.<\/p><\/div><\/div>\n\n\n\n<div class=\"teaser grid-item has-fa-icon has-no-link wp-block-bm-teaser is-style-normal\"><figure class=\"media-object is-icon teaser-figure\"><i class=\"icon far fa-phone-office\"><\/i><\/figure><div class=\"teaser-content\"><h3 class=\"teaser-title\">Phone Service<\/h3><p class=\"teaser-text\">Customers calling are greeted with your company name.<\/p><\/div><\/div>\n\n\n\n<div class=\"teaser grid-item has-fa-icon has-no-link wp-block-bm-teaser\"><figure class=\"media-object is-icon teaser-figure\"><i class=\"icon far fa-wifi\"><\/i><\/figure><div class=\"teaser-content\"><h3 class=\"teaser-title\">WiFi &amp; Internet<\/h3><p class=\"teaser-text\">Fast network connection of 1000 Mbps is included. Connect via WiFi or your own router.<\/p><\/div><\/div>\n\n\n\n<div class=\"teaser grid-item has-fa-icon has-no-link wp-block-bm-teaser\"><figure class=\"media-object is-icon teaser-figure\"><i class=\"icon far fa-mailbox\"><\/i><\/figure><div class=\"teaser-content\"><h3 class=\"teaser-title\">Mail and Messenger<\/h3><p class=\"teaser-text\">Send and receive mail, packages and messenger och ta emot post, paket och bud till din adress.<\/p><\/div><\/div>\n\n\n\n<div class=\"teaser grid-item has-fa-icon has-no-link wp-block-bm-teaser\"><figure class=\"media-object is-icon teaser-figure\"><i class=\"icon far fa-vacuum\"><\/i><\/figure><div class=\"teaser-content\"><h3 class=\"teaser-title\">Cleaning<\/h3><p class=\"teaser-text\">Careful cleaning of your entire office every week.<\/p><\/div><\/div>\n\n\n\n<div class=\"teaser grid-item has-fa-icon has-no-link wp-block-bm-teaser\"><figure class=\"media-object is-icon teaser-figure\"><i class=\"icon far fa-booth-curtain\"><\/i><\/figure><div class=\"teaser-content\"><h3 class=\"teaser-title\">Phone Rooms<\/h3><p class=\"teaser-text\">Grab a call quickly in our phone rooms. Access is complimentary.<\/p><\/div><\/div>\n\n\n\n<div class=\"teaser grid-item has-fa-icon has-no-link wp-block-bm-teaser\"><figure class=\"media-object is-icon teaser-figure\"><i class=\"icon far fa-handshake-alt\"><\/i><\/figure><div class=\"teaser-content\"><h3 class=\"teaser-title\">Meeting Rooms<\/h3><p class=\"teaser-text\">As a member you always have access to meeting rooms at reduced rates.<\/p><\/div><\/div>\n\n\n\n<div class=\"teaser grid-item has-fa-icon has-no-link wp-block-bm-teaser\"><figure class=\"media-object is-icon teaser-figure\"><i class=\"icon far fa-sun\"><\/i><\/figure><div class=\"teaser-content\"><h3 class=\"teaser-title\">Private Roof Terrace<\/h3><p class=\"teaser-text\">Enjoy sun and warmth at our terrace. Also available for events.<\/p><\/div><\/div>\n\n\n\n<div class=\"teaser grid-item has-fa-icon has-no-link wp-block-bm-teaser\"><figure class=\"media-object is-icon teaser-figure\"><i class=\"icon far fa-gifts\"><\/i><\/figure><div class=\"teaser-content\"><h3 class=\"teaser-title\">Membership Perks<\/h3><p class=\"teaser-text\">Special offers and discounts on everything from food to gym.<\/p><\/div><\/div>\n\n\n\n<div class=\"teaser grid-item has-fa-icon has-no-link wp-block-bm-teaser\"><figure class=\"media-object is-icon teaser-figure\"><i class=\"icon far fa-car\"><\/i><\/figure><div class=\"teaser-content\"><h3 class=\"teaser-title\">Indoor Garage<\/h3><p class=\"teaser-text\">You and your visitors can take the elevator to the office. Charging available.<\/p><\/div><\/div>\n<\/div><\/div><footer class=\"section-footer is-center-aligned\"><div class=\"section-footer-content\"><div class=\"section-footer-cta\"><a class=\"section-footer-cta-button button\" href=\"https:\/\/www.cityoffice.se\/en\/contact\/\">Book a Tour<\/a><\/div><\/div><\/footer><\/section>\n\n\n\n<div class=\"wp-block-group alignfull my-0 has-secondary-background-color has-background\"><div class=\"wp-block-group__inner-container is-layout-flow wp-block-group-is-layout-flow\">\n<figure class=\"wp-block-image alignwide size-large\"><img loading=\"lazy\" decoding=\"async\" width=\"1200\" height=\"651\" src=\"https:\/\/www.cityoffice.se\/en\/wp-content\/uploads\/sites\/2\/2022\/11\/city-office-hemsida-1200x651.png\" alt=\"\" class=\"wp-image-1331\" srcset=\"https:\/\/www.cityoffice.se\/en\/wp-content\/uploads\/sites\/2\/2022\/11\/city-office-hemsida-1200x651.png 1200w, https:\/\/www.cityoffice.se\/en\/wp-content\/uploads\/sites\/2\/2022\/11\/city-office-hemsida-640x347.png 640w, https:\/\/www.cityoffice.se\/en\/wp-content\/uploads\/sites\/2\/2022\/11\/city-office-hemsida-768x417.png 768w, https:\/\/www.cityoffice.se\/en\/wp-content\/uploads\/sites\/2\/2022\/11\/city-office-hemsida-1536x833.png 1536w, https:\/\/www.cityoffice.se\/en\/wp-content\/uploads\/sites\/2\/2022\/11\/city-office-hemsida.png 1617w\" sizes=\"auto, (max-width: 1200px) 100vw, 1200px\" \/><\/figure>\n<\/div><\/div>\n\n\n\n<section class=\"wp-block-bm-info-block alignfull section has-page-width-content has-normal-vspacing section-wp-block-bm-info-block has-secondary-background-color has-background\"><div class=\"section-body\"><div class=\"info-block has-figure-left figure-type-image vertical-align-center has-layout-even-split\"><figure class=\"media-object is-image info-block-figure\"><img loading=\"lazy\" decoding=\"async\" width=\"544\" height=\"640\" src=\"https:\/\/www.cityoffice.se\/en\/wp-content\/uploads\/sites\/2\/2020\/07\/image-3.png\" alt=\"Personalen i receptionen p\u00e5 City Office kontorshotell i Stockholm hj\u00e4lper till\" class=\"media-object-image wp-image-162 info-block-figure-source\" \/><\/figure><div class=\"info-block-content\">\n<h2 class=\"wp-block-heading\">Full-Service Offices in Stockholm<\/h2>\n\n\n\n<p>Seeking your own, private, professional office in central Stockholm? Here you can meet and work focused at the best possible location.<\/p>\n\n\n\n<p>City Office has offices for all your different needs. Our business center in the World Trade Center provides you with fully-furnished offices in various sizes.<\/p>\n\n\n\n<p>Our reception welcomes your customers, answers your calls and makes sure that your office runs smoothly. We&#8217;re here to give you a personalized high-quality service.<\/p>\n<\/div><\/div><\/div><\/section>\n\n\n\n<section class=\"wp-block-bm-info-block alignfull section has-page-width-content has-normal-vspacing section-wp-block-bm-info-block has-secondary-background-color has-background\"><div class=\"section-body\"><div class=\"info-block has-figure-right figure-type-image vertical-align-center has-layout-even-split\"><figure class=\"media-object is-image info-block-figure\"><img loading=\"lazy\" decoding=\"async\" width=\"900\" height=\"600\" src=\"https:\/\/www.cityoffice.se\/en\/wp-content\/uploads\/sites\/2\/2020\/07\/vf0pryu4ujo74bqgct8x.jpg\" alt=\"Fasaden p\u00e5 World Trade Center i Stockholm mot Klarabergsviadukten\" class=\"media-object-image wp-image-170 info-block-figure-source\" srcset=\"https:\/\/www.cityoffice.se\/en\/wp-content\/uploads\/sites\/2\/2020\/07\/vf0pryu4ujo74bqgct8x.jpg 900w, https:\/\/www.cityoffice.se\/en\/wp-content\/uploads\/sites\/2\/2020\/07\/vf0pryu4ujo74bqgct8x-640x427.jpg 640w, https:\/\/www.cityoffice.se\/en\/wp-content\/uploads\/sites\/2\/2020\/07\/vf0pryu4ujo74bqgct8x-768x512.jpg 768w\" sizes=\"auto, (max-width: 900px) 100vw, 900px\" \/><\/figure><div class=\"info-block-content\">\n<h2 class=\"wp-block-heading\">Close to Everything<\/h2>\n\n\n\n<p>With full access to the entire World Trade Center everything you need is within short reach. Elevators takes you down to the Central Station and Arlanda Express. Restaurants, hotels and service are available in-house.<\/p>\n\n\n\n<ul class=\"is-style-checked wp-block-list\"><li>Two restaurants and a caf\u00e9 in-house. Many more within a short walk.<\/li><li>Access to the in-house gym at a reduced rate.<\/li><li>Two hotels, Radisson Blu Royal Viking och Comfort Hotel Xpress. Many more available a few minutes away.<\/li><li>Elevators to the Central Station and Arlanda Express. Go home or to New York without getting wet.<\/li><\/ul>\n<\/div><\/div><\/div><\/section>\n\n\n\n<div class=\"wp-block-cover alignfull is-style-normal\"><span aria-hidden=\"true\" class=\"wp-block-cover__gradient-background has-background-dim\"><\/span><img loading=\"lazy\" decoding=\"async\" width=\"2047\" height=\"1364\" class=\"wp-block-cover__image-background wp-image-43\" alt=\"\" src=\"https:\/\/www.cityoffice.se\/wp-content\/uploads\/sites\/2\/2020\/07\/World-Trade-Center-G\u00f6teborg-kontor-Korsv\u00e4gen.jpg\" data-object-fit=\"cover\" srcset=\"https:\/\/www.cityoffice.se\/en\/wp-content\/uploads\/sites\/2\/2020\/07\/World-Trade-Center-G\u00f6teborg-kontor-Korsv\u00e4gen.jpg 2047w, https:\/\/www.cityoffice.se\/en\/wp-content\/uploads\/sites\/2\/2020\/07\/World-Trade-Center-G\u00f6teborg-kontor-Korsv\u00e4gen-640x426.jpg 640w, https:\/\/www.cityoffice.se\/en\/wp-content\/uploads\/sites\/2\/2020\/07\/World-Trade-Center-G\u00f6teborg-kontor-Korsv\u00e4gen-1200x800.jpg 1200w, https:\/\/www.cityoffice.se\/en\/wp-content\/uploads\/sites\/2\/2020\/07\/World-Trade-Center-G\u00f6teborg-kontor-Korsv\u00e4gen-768x512.jpg 768w, https:\/\/www.cityoffice.se\/en\/wp-content\/uploads\/sites\/2\/2020\/07\/World-Trade-Center-G\u00f6teborg-kontor-Korsv\u00e4gen-1536x1023.jpg 1536w\" sizes=\"auto, (max-width: 2047px) 100vw, 2047px\" \/><div class=\"wp-block-cover__inner-container is-layout-flow wp-block-cover-is-layout-flow\">\n<h2 class=\"has-text-align-center has-secondary-color has-text-color wp-block-heading\">Visit our business center in Gothenburg<\/h2>\n\n\n\n<p class=\"has-text-align-center has-secondary-color has-text-color\">With your office at City Office there&#8217;s a table in the Office Lounge in Gothenburg with your name on it. Next to the Swedish Exhibition &amp; Congress Center and Gothia Towers you&#8217;ll find World Trade Center Gothenburg. Get work done or meet with clients and partners.<\/p>\n\n\n\n<div class=\"wp-block-buttons is-content-justification-center is-layout-flex wp-container-core-buttons-is-layout-16018d1d wp-block-buttons-is-layout-flex\">\n<div class=\"wp-block-button\"><a class=\"wp-block-button__link\" href=\"https:\/\/www.cityoffice.se\/en\/gothenburg\/\">About World Trade Center Gothenburg<\/a><\/div>\n<\/div>\n\n\n\n<p><\/p>\n<\/div><\/div>\n","protected":false},"excerpt":{"rendered":"","protected":false},"author":1,"featured_media":0,"parent":0,"menu_order":0,"comment_status":"closed","ping_status":"closed","template":"templates\/fullwidth.php","meta":{"page_specific_styles":"","footnotes":""},"class_list":["post-17","page","type-page","status-publish","hentry"],"featured_media_data":{"id":0,"alt":false,"srcset":false,"sizes":{"thumbnail":false,"medium":false,"medium_large":false,"large":false,"1536x1536":false,"2048x2048":false,"xlarge":false,"gform-image-choice-sm":false,"gform-image-choice-md":false,"gform-image-choice-lg":false}},"yoast_head":"<!-- This site is optimized with the Yoast SEO plugin v15.5 - https:\/\/yoast.com\/wordpress\/plugins\/seo\/ -->\n<title>Hyr kontor i Stockholm - flexibla kontor hos City Office kontorshotell<\/title>\n<meta name=\"description\" content=\"Fullt m\u00f6blerade privata kontorsrum i World Trade Center, mitt i Stockholm. City Office \u00e4r ett fullservice kontorshotell. V\u00e4lkommen p\u00e5 en visning!\" \/>\n<meta name=\"robots\" content=\"index, follow, max-snippet:-1, max-image-preview:large, max-video-preview:-1\" \/>\n<link rel=\"canonical\" href=\"https:\/\/www.cityoffice.se\/en\/offices\/\" \/>\n<meta property=\"og:locale\" content=\"en_US\" \/>\n<meta property=\"og:type\" content=\"article\" \/>\n<meta property=\"og:title\" content=\"Hyr kontor i Stockholm - flexibla kontor hos City Office kontorshotell\" \/>\n<meta property=\"og:description\" content=\"Fullt m\u00f6blerade privata kontorsrum i World Trade Center, mitt i Stockholm. City Office \u00e4r ett fullservice kontorshotell. V\u00e4lkommen p\u00e5 en visning!\" \/>\n<meta property=\"og:url\" content=\"https:\/\/www.cityoffice.se\/en\/offices\/\" \/>\n<meta property=\"og:site_name\" content=\"City Office\" \/>\n<meta property=\"article:publisher\" content=\"https:\/\/www.facebook.com\/cityofficese\/\" \/>\n<meta property=\"article:modified_time\" content=\"2023-03-31T15:07:22+00:00\" \/>\n<meta property=\"og:image\" content=\"https:\/\/www.cityoffice.se\/wp-content\/uploads\/sites\/2\/2019\/07\/440_001.jpeg\" \/>\n<meta name=\"twitter:card\" content=\"summary_large_image\" \/>\n<meta name=\"twitter:label1\" content=\"Est. reading time\">\n\t<meta name=\"twitter:data1\" content=\"2 minutes\">\n<script type=\"application\/ld+json\" class=\"yoast-schema-graph\">{\"@context\":\"https:\/\/schema.org\",\"@graph\":[{\"@type\":\"Organization\",\"@id\":\"https:\/\/cityoffice.bmedia.dev\/en\/#organization\",\"name\":\"City Office\",\"url\":\"https:\/\/cityoffice.bmedia.dev\/en\/\",\"sameAs\":[\"https:\/\/www.facebook.com\/cityofficese\/\",\"https:\/\/www.instagram.com\/cityoffice\/\",\"https:\/\/www.linkedin.com\/company\/city-office-in-wtc\/\"],\"logo\":{\"@type\":\"ImageObject\",\"@id\":\"https:\/\/cityoffice.bmedia.dev\/en\/#logo\",\"inLanguage\":\"en-US\",\"url\":\"https:\/\/www.cityoffice.se\/en\/wp-content\/uploads\/sites\/2\/2020\/07\/cityoffice-logo.svg\",\"width\":495,\"height\":115,\"caption\":\"City Office\"},\"image\":{\"@id\":\"https:\/\/cityoffice.bmedia.dev\/en\/#logo\"}},{\"@type\":\"WebSite\",\"@id\":\"https:\/\/cityoffice.bmedia.dev\/en\/#website\",\"url\":\"https:\/\/cityoffice.bmedia.dev\/en\/\",\"name\":\"City Office\",\"description\":\"\",\"publisher\":{\"@id\":\"https:\/\/cityoffice.bmedia.dev\/en\/#organization\"},\"potentialAction\":[{\"@type\":\"SearchAction\",\"target\":\"https:\/\/cityoffice.bmedia.dev\/en\/?s={search_term_string}\",\"query-input\":\"required name=search_term_string\"}],\"inLanguage\":\"en-US\"},{\"@type\":\"ImageObject\",\"@id\":\"https:\/\/www.cityoffice.se\/en\/offices\/#primaryimage\",\"inLanguage\":\"en-US\",\"url\":\"https:\/\/www.cityoffice.se\/wp-content\/uploads\/sites\/2\/2019\/07\/440_001.jpeg\"},{\"@type\":\"WebPage\",\"@id\":\"https:\/\/www.cityoffice.se\/en\/offices\/#webpage\",\"url\":\"https:\/\/www.cityoffice.se\/en\/offices\/\",\"name\":\"Hyr kontor i Stockholm - flexibla kontor hos City Office kontorshotell\",\"isPartOf\":{\"@id\":\"https:\/\/cityoffice.bmedia.dev\/en\/#website\"},\"primaryImageOfPage\":{\"@id\":\"https:\/\/www.cityoffice.se\/en\/offices\/#primaryimage\"},\"datePublished\":\"2020-07-03T19:46:17+00:00\",\"dateModified\":\"2023-03-31T15:07:22+00:00\",\"description\":\"Fullt m\\u00f6blerade privata kontorsrum i World Trade Center, mitt i Stockholm. City Office \\u00e4r ett fullservice kontorshotell. V\\u00e4lkommen p\\u00e5 en visning!\",\"inLanguage\":\"en-US\",\"potentialAction\":[{\"@type\":\"ReadAction\",\"target\":[\"https:\/\/www.cityoffice.se\/en\/offices\/\"]}]}]}<\/script>\n<!-- \/ Yoast SEO plugin. -->","_links":{"self":[{"href":"https:\/\/www.cityoffice.se\/en\/wp-json\/wp\/v2\/pages\/17","targetHints":{"allow":["GET"]}}],"collection":[{"href":"https:\/\/www.cityoffice.se\/en\/wp-json\/wp\/v2\/pages"}],"about":[{"href":"https:\/\/www.cityoffice.se\/en\/wp-json\/wp\/v2\/types\/page"}],"author":[{"embeddable":true,"href":"https:\/\/www.cityoffice.se\/en\/wp-json\/wp\/v2\/users\/1"}],"replies":[{"embeddable":true,"href":"https:\/\/www.cityoffice.se\/en\/wp-json\/wp\/v2\/comments?post=17"}],"version-history":[{"count":5,"href":"https:\/\/www.cityoffice.se\/en\/wp-json\/wp\/v2\/pages\/17\/revisions"}],"predecessor-version":[{"id":1348,"href":"https:\/\/www.cityoffice.se\/en\/wp-json\/wp\/v2\/pages\/17\/revisions\/1348"}],"wp:attachment":[{"href":"https:\/\/www.cityoffice.se\/en\/wp-json\/wp\/v2\/media?parent=17"}],"curies":[{"name":"wp","href":"https:\/\/api.w.org\/{rel}","templated":true}]}}