{"id":1095,"date":"2020-07-05T23:36:44","date_gmt":"2020-07-05T21:36:44","guid":{"rendered":"https:\/\/www.cityoffice.se\/?page_id=1095"},"modified":"2020-07-05T23:41:48","modified_gmt":"2020-07-05T21:41:48","slug":"om-kontorshotell","status":"publish","type":"page","link":"https:\/\/www.cityoffice.se\/en\/om-kontorshotell\/","title":{"rendered":"Vad \u00e4r ett kontorshotell?"},"content":{"rendered":"\n<p class=\"is-style-lead\">Ett kontorshotell erbjuder uthyrning av m\u00f6blerade <a href=\"https:\/\/www.cityoffice.se\/kontor\/\">kontorsplatser<\/a> och tillhandah\u00e5ller kontorsservice till en fast m\u00e5nadskostnad.\u00a0<\/p>\n\n\n\n<p>Det mesta ing\u00e5r som man annars m\u00e5ste k\u00f6pa till av olika leverant\u00f6rer n\u00e4r man har ett traditionellt kontor och du slipper d\u00e4rmed ov\u00e4ntade extrautgifter.<\/p>\n\n\n\n<p>Du binder inte upp dig p\u00e5 l\u00e5nga kontrakt som n\u00e4r du hyr ett vanligt kontor, ist\u00e4llet erbjuds du korta kontrakt och inflyttning\/utflyttning med kort varsel. Vanligtvis s\u00e5 betalar man per skrivbord eller per arbetsplats.<\/p>\n\n\n\n<p>P\u00e5 de flesta kontorshotell f\u00e5r man tillg\u00e5ng till <a href=\"https:\/\/www.cityoffice.se\/motesrum\/\">m\u00f6tesrum och konferensrum<\/a> som man kan boka separat utefter behov.<\/p>\n\n\n\n<figure class=\"wp-block-image size-large\"><img loading=\"lazy\" decoding=\"async\" width=\"1200\" height=\"800\" src=\"https:\/\/www.cityoffice.se\/wp-content\/uploads\/sites\/2\/2019\/06\/440-1200x800.jpeg\" alt=\"\" class=\"wp-image-863\" srcset=\"https:\/\/www.cityoffice.se\/en\/wp-content\/uploads\/sites\/2\/2019\/06\/440-1200x800.jpeg 1200w, https:\/\/www.cityoffice.se\/en\/wp-content\/uploads\/sites\/2\/2019\/06\/440-640x427.jpeg 640w, https:\/\/www.cityoffice.se\/en\/wp-content\/uploads\/sites\/2\/2019\/06\/440-768x512.jpeg 768w, https:\/\/www.cityoffice.se\/en\/wp-content\/uploads\/sites\/2\/2019\/06\/440.jpeg 1294w\" sizes=\"auto, (max-width: 1200px) 100vw, 1200px\" \/><figcaption>Ett av v\u00e5ra kontorsrum p\u00e5 kontorshotellet City Office<\/figcaption><\/figure>\n\n\n\n<h2 class=\"wp-block-heading\"><strong>Vad ing\u00e5r n\u00e4r man hyr kontor p\u00e5 ett kontorshotell?<\/strong><\/h2>\n\n\n\n<ul class=\"is-style-checked wp-block-list\"><li>M\u00f6bler s\u00e5som skrivbord, skrivbordsstol, f\u00f6rvaringssk\u00e5p och f\u00e5t\u00f6lj<\/li><li>Receptionsservice<\/li><li>Telefonservice<\/li><li>Telefonnummer<\/li><li>Internet och bredband<\/li><li>K\u00f6k<\/li><li>Postservice<\/li><li>Adress<\/li><li>St\u00e4dning<\/li><li>El<\/li><li>V\u00e4rme<\/li><li>Fastighetsskatt<\/li><li>Belysning<\/li><li>Luftkonditionering<\/li><li>Kopieringsmaskin<\/li><li>Namnskylt<\/li><li>Dagstidningar<\/li><li>Tillg\u00e5ng till m\u00f6tesrum<\/li><li>Tillg\u00e5ng till konferensrum<\/li><li>Scanner<\/li><li>Fax<\/li><li>Underh\u00e5ll och reparationsservice<\/li><li>S\u00e4kerhets\u00e5tg\u00e4rder<\/li><li>F\u00f6rs\u00e4kringar<\/li><\/ul>\n\n\n\n<p>Oftast ing\u00e5r det mesta i det fasta m\u00e5nadspriset om s\u00e5 inte \u00e4r fallet s\u00e5 faktureras detta separat m\u00e5nadsvis ut\u00f6ver den fasta m\u00e5nadshyran.<\/p>\n\n\n\n<h2 class=\"wp-block-heading\"><strong>Vad \u00e4r f\u00f6rdelarna med ett kontorshotell?<\/strong><\/h2>\n\n\n\n<p>Det \u00e4r enkelt att byta till ett st\u00f6rre eller ett mindre kontor utefter att f\u00f6retaget v\u00e4xer. Flexibiliteten och att kunna styra sitt f\u00f6retag utefter aktuellt behov leder oftast till stora kostnadsbesparingar med kontorshotell j\u00e4mf\u00f6rt med att hyra ett traditionellt kontor.<\/p>\n\n\n\n<p>Du kan ofta spara mycket pengar genom att v\u00e4lja ett kontorshotell j\u00e4mf\u00f6rt med att hyra ett traditionellt kontor. Du f\u00e5r komplett utrustade lokaler och full service f\u00f6r ett fast m\u00e5nadspris. Kontorshotell har kort l\u00e4ngd p\u00e5 sina kontrakt, vanligtvis 3 m\u00e5nader l\u00f6pande.<\/p>\n\n\n\n<p>Uthyraren sk\u00f6ter allt det praktiska och administration kring kontoret och kringtj\u00e4nster. Det inneb\u00e4r att du inte beh\u00f6ver inte \u00e4gna dig \u00e5t kontorets drift och kan ist\u00e4llet fokusera mer p\u00e5 din egen verksamhet.<\/p>\n\n\n\n<p>Du har ocks\u00e5 m\u00f6jlighet att v\u00e4lja en attraktiv adress centralt som du annars inte hade haft r\u00e5d med.<\/p>\n\n\n\n<h2 class=\"wp-block-heading\"><strong>F\u00f6r vem passar ett kontorshotell?<\/strong><\/h2>\n\n\n\n<p>Kontorshotell blir en alltmer vanlig och popul\u00e4r l\u00f6sning n\u00e4r det g\u00e4ller att v\u00e4lja kontor f\u00f6r alla typer av f\u00f6retag som har f\u00e4rre \u00e4n tjugo anst\u00e4llda.<\/p>\n\n\n\n<p>M\u00e5nga v\u00e4letablerade f\u00f6retag inser vinsten med att vara flexibla, mobila och att snabbt kunna anpassa sig efter f\u00f6r\u00e4ndrade f\u00f6ruts\u00e4ttningar och v\u00e4ljer d\u00e4rf\u00f6r kontorshotell d\u00e5 det \u00e4r bekv\u00e4mt med m\u00e5nga faciliteter och tj\u00e4nster som erbjuds i samma lokal.<\/p>\n\n\n\n<p>Det passar ocks\u00e5 nystartade f\u00f6retag v\u00e4l d\u00e5 det inneb\u00e4r en l\u00e5g risk att v\u00e4lja kontorshotell och det \u00e4r l\u00e4tt att r\u00e4kna p\u00e5 den faktiska m\u00e5nadskostnaden. Redan fr\u00e5n start kan du fokusera 100% p\u00e5 din egna verksamhet och ditt f\u00f6retag. Allt eftersom du v\u00e4xer kan du byta till st\u00f6rre kontor i samma kontorshotell.<\/p>\n\n\n\n<figure class=\"wp-block-gallery columns-2 is-cropped mt-30 wp-block-gallery-1 is-layout-flex wp-block-gallery-is-layout-flex\"><ul class=\"blocks-gallery-grid\"><li class=\"blocks-gallery-item\"><figure><img loading=\"lazy\" decoding=\"async\" width=\"1200\" height=\"800\" src=\"https:\/\/www.cityoffice.se\/wp-content\/uploads\/sites\/2\/2020\/07\/21-1200x800.jpg\" alt=\"\" data-id=\"292\" data-full-url=\"https:\/\/www.cityoffice.se\/wp-content\/uploads\/sites\/2\/2020\/07\/21-scaled.jpg\" data-link=\"https:\/\/www.cityoffice.se\/motesrum\/attachment\/21\/\" class=\"wp-image-292\" srcset=\"https:\/\/www.cityoffice.se\/en\/wp-content\/uploads\/sites\/2\/2020\/07\/21-1200x800.jpg 1200w, https:\/\/www.cityoffice.se\/en\/wp-content\/uploads\/sites\/2\/2020\/07\/21-640x427.jpg 640w, https:\/\/www.cityoffice.se\/en\/wp-content\/uploads\/sites\/2\/2020\/07\/21-768x512.jpg 768w, https:\/\/www.cityoffice.se\/en\/wp-content\/uploads\/sites\/2\/2020\/07\/21-1536x1024.jpg 1536w, https:\/\/www.cityoffice.se\/en\/wp-content\/uploads\/sites\/2\/2020\/07\/21-2048x1365.jpg 2048w\" sizes=\"auto, (max-width: 1200px) 100vw, 1200px\" \/><\/figure><\/li><li class=\"blocks-gallery-item\"><figure><img loading=\"lazy\" decoding=\"async\" width=\"1200\" height=\"800\" src=\"https:\/\/www.cityoffice.se\/wp-content\/uploads\/sites\/2\/2020\/07\/04-1200x800.jpg\" alt=\"\" data-id=\"288\" data-full-url=\"https:\/\/www.cityoffice.se\/wp-content\/uploads\/sites\/2\/2020\/07\/04-scaled.jpg\" data-link=\"https:\/\/www.cityoffice.se\/motesrum\/attachment\/04\/\" class=\"wp-image-288\" srcset=\"https:\/\/www.cityoffice.se\/en\/wp-content\/uploads\/sites\/2\/2020\/07\/04-1200x800.jpg 1200w, https:\/\/www.cityoffice.se\/en\/wp-content\/uploads\/sites\/2\/2020\/07\/04-640x427.jpg 640w, https:\/\/www.cityoffice.se\/en\/wp-content\/uploads\/sites\/2\/2020\/07\/04-768x512.jpg 768w, https:\/\/www.cityoffice.se\/en\/wp-content\/uploads\/sites\/2\/2020\/07\/04-1536x1024.jpg 1536w, https:\/\/www.cityoffice.se\/en\/wp-content\/uploads\/sites\/2\/2020\/07\/04-2048x1365.jpg 2048w\" sizes=\"auto, (max-width: 1200px) 100vw, 1200px\" \/><\/figure><\/li><\/ul><figcaption class=\"blocks-gallery-caption\">Olika typer av m\u00f6tesrum finns p\u00e5 kontorshotell<\/figcaption><\/figure>\n\n\n\n<h2 class=\"wp-block-heading\"><strong>Vad ska du t\u00e4nka p\u00e5 n\u00e4r du v\u00e4ljer kontorshotell?<\/strong><\/h2>\n\n\n\n<p>Utg\u00e5 ifr\u00e5n dig och ditt f\u00f6retags behov och budget. G\u00f6r en kravlista p\u00e5 vad som \u00e4r viktigt f\u00f6r dig och ditt f\u00f6retag. F\u00f6rslag p\u00e5 faktorer att ta h\u00e4nsyn till \u00e4r:<\/p>\n\n\n\n<ul class=\"is-style-checked wp-block-list\"><li>Behov av m\u00f6tesrum och konferenslokaler<\/li><li>Kunna ta emot kundbes\u00f6k<\/li><li>Ett centralt l\u00e4ge<\/li><li>Utbud av servicetj\u00e4nster<\/li><li>M\u00f6jlighet till telefonpassning<\/li><li>Om det g\u00e5r att ut\u00f6ka eller minska kontorets storlek<\/li><\/ul>\n\n\n\n<p>Ett tips \u00e4r att anv\u00e4nda en s\u00f6kmotor f\u00f6r att j\u00e4mf\u00f6ra olika kontorshotell. S\u00f6k p\u00e5 kontorshotell eller kontorshotell stad centralt t.ex. Ring till n\u00e5gra kontorshotell som matchar dina behov och krav.<\/p>\n\n\n\n<p>Be om information vad som ing\u00e5r, lediga rum, prisf\u00f6rslag och en planskiss f\u00f6r att se vad det finns f\u00f6r framtida m\u00f6jligheter att ut\u00f6ka ditt kontor. Be om att f\u00e5 komma p\u00e5 en visning f\u00f6r att titta p\u00e5 lokalerna.<\/p>\n\n\n\n<p>F\u00f6r att kunna j\u00e4mf\u00f6ra olika priser mellan olika kontorshotell s\u00e5 \u00e4r det viktigt att titta p\u00e5 vad som ing\u00e5r och vad som tillkommer ut\u00f6ver den fasta m\u00e5nadskostnaden. Ju mer som ing\u00e5r desto tryggare och l\u00e4ttare att \u00f6verblicka sina kostnader.<\/p>\n\n\n\n<p><strong>Vi p\u00e5 City Office har l\u00e5ng erfarenhet fr\u00e5n kontorshotell och har drivit kontorshotell sedan 1990 och vi vill d\u00e4rf\u00f6r dela med oss av v\u00e5ra samlade erfarenheter vad man b\u00f6r t\u00e4nka p\u00e5 n\u00e4r man v\u00e4ljer kontorshotell, f\u00f6r vem kontorshotell passar och f\u00f6rdelar med kontorshotell. Hoppas denna information har hj\u00e4lpt dig att hitta en l\u00f6sning och ett kontorshotell som passar just dig och ditt f\u00f6retag.<\/strong><\/p>\n","protected":false},"excerpt":{"rendered":"<p>Ett kontorshotell erbjuder uthyrning av m\u00f6blerade kontorsplatser och tillhandah\u00e5ller kontorsservice till en fast m\u00e5nadskostnad.\u00a0 Det mesta ing\u00e5r som man annars m\u00e5ste k\u00f6pa till av olika leverant\u00f6rer n\u00e4r man har ett traditionellt kontor och du slipper d\u00e4rmed ov\u00e4ntade extrautgifter. Du binder inte upp dig p\u00e5 l\u00e5nga kontrakt som n\u00e4r du hyr ett vanligt kontor, ist\u00e4llet erbjuds [&hellip;]<\/p>\n","protected":false},"author":1,"featured_media":0,"parent":0,"menu_order":0,"comment_status":"closed","ping_status":"closed","template":"","meta":{"page_specific_styles":"","footnotes":""},"class_list":["post-1095","page","type-page","status-publish","hentry"],"featured_media_data":{"id":0,"alt":false,"srcset":false,"sizes":{"thumbnail":false,"medium":false,"medium_large":false,"large":false,"1536x1536":false,"2048x2048":false,"xlarge":false,"gform-image-choice-sm":false,"gform-image-choice-md":false,"gform-image-choice-lg":false}},"yoast_head":"<!-- This site is optimized with the Yoast SEO plugin v15.5 - https:\/\/yoast.com\/wordpress\/plugins\/seo\/ -->\n<title>Vad \u00e4r ett kontorshotell? - City Office<\/title>\n<meta name=\"robots\" content=\"index, follow, max-snippet:-1, max-image-preview:large, max-video-preview:-1\" \/>\n<link rel=\"canonical\" href=\"https:\/\/cityoffice.bmedia.dev\/en\/om-kontorshotell\/\" \/>\n<meta property=\"og:locale\" content=\"en_US\" \/>\n<meta property=\"og:type\" content=\"article\" \/>\n<meta property=\"og:title\" content=\"Vad \u00e4r ett kontorshotell? - City Office\" \/>\n<meta property=\"og:description\" content=\"Ett kontorshotell erbjuder uthyrning av m\u00f6blerade kontorsplatser och tillhandah\u00e5ller kontorsservice till en fast m\u00e5nadskostnad.\u00a0 Det mesta ing\u00e5r som man annars m\u00e5ste k\u00f6pa till av olika leverant\u00f6rer n\u00e4r man har ett traditionellt kontor och du slipper d\u00e4rmed ov\u00e4ntade extrautgifter. Du binder inte upp dig p\u00e5 l\u00e5nga kontrakt som n\u00e4r du hyr ett vanligt kontor, ist\u00e4llet erbjuds [&hellip;]\" \/>\n<meta property=\"og:url\" content=\"https:\/\/cityoffice.bmedia.dev\/en\/om-kontorshotell\/\" \/>\n<meta property=\"og:site_name\" content=\"City Office\" \/>\n<meta property=\"article:publisher\" content=\"https:\/\/www.facebook.com\/cityofficese\/\" \/>\n<meta property=\"article:modified_time\" content=\"2020-07-05T21:41:48+00:00\" \/>\n<meta property=\"og:image\" content=\"https:\/\/cityoffice.bmedia.dev\/wp-content\/uploads\/2019\/06\/440-1200x800.jpeg\" \/>\n<meta name=\"twitter:card\" content=\"summary_large_image\" \/>\n<meta name=\"twitter:label1\" content=\"Est. reading time\">\n\t<meta name=\"twitter:data1\" content=\"3 minutes\">\n<script type=\"application\/ld+json\" class=\"yoast-schema-graph\">{\"@context\":\"https:\/\/schema.org\",\"@graph\":[{\"@type\":\"Organization\",\"@id\":\"https:\/\/cityoffice.bmedia.dev\/en\/#organization\",\"name\":\"City Office\",\"url\":\"https:\/\/cityoffice.bmedia.dev\/en\/\",\"sameAs\":[\"https:\/\/www.facebook.com\/cityofficese\/\",\"https:\/\/www.instagram.com\/cityoffice\/\",\"https:\/\/www.linkedin.com\/company\/city-office-in-wtc\/\"],\"logo\":{\"@type\":\"ImageObject\",\"@id\":\"https:\/\/cityoffice.bmedia.dev\/en\/#logo\",\"inLanguage\":\"en-US\",\"url\":\"https:\/\/www.cityoffice.se\/en\/wp-content\/uploads\/sites\/2\/2020\/07\/cityoffice-logo.svg\",\"width\":495,\"height\":115,\"caption\":\"City Office\"},\"image\":{\"@id\":\"https:\/\/cityoffice.bmedia.dev\/en\/#logo\"}},{\"@type\":\"WebSite\",\"@id\":\"https:\/\/cityoffice.bmedia.dev\/en\/#website\",\"url\":\"https:\/\/cityoffice.bmedia.dev\/en\/\",\"name\":\"City Office\",\"description\":\"\",\"publisher\":{\"@id\":\"https:\/\/cityoffice.bmedia.dev\/en\/#organization\"},\"potentialAction\":[{\"@type\":\"SearchAction\",\"target\":\"https:\/\/cityoffice.bmedia.dev\/en\/?s={search_term_string}\",\"query-input\":\"required name=search_term_string\"}],\"inLanguage\":\"en-US\"},{\"@type\":\"ImageObject\",\"@id\":\"https:\/\/cityoffice.bmedia.dev\/en\/om-kontorshotell\/#primaryimage\",\"inLanguage\":\"en-US\",\"url\":\"https:\/\/www.cityoffice.se\/wp-content\/uploads\/sites\/2\/2019\/06\/440-1200x800.jpeg\"},{\"@type\":\"WebPage\",\"@id\":\"https:\/\/cityoffice.bmedia.dev\/en\/om-kontorshotell\/#webpage\",\"url\":\"https:\/\/cityoffice.bmedia.dev\/en\/om-kontorshotell\/\",\"name\":\"Vad \\u00e4r ett kontorshotell? - City Office\",\"isPartOf\":{\"@id\":\"https:\/\/cityoffice.bmedia.dev\/en\/#website\"},\"primaryImageOfPage\":{\"@id\":\"https:\/\/cityoffice.bmedia.dev\/en\/om-kontorshotell\/#primaryimage\"},\"datePublished\":\"2020-07-05T21:36:44+00:00\",\"dateModified\":\"2020-07-05T21:41:48+00:00\",\"inLanguage\":\"en-US\",\"potentialAction\":[{\"@type\":\"ReadAction\",\"target\":[\"https:\/\/cityoffice.bmedia.dev\/en\/om-kontorshotell\/\"]}]}]}<\/script>\n<!-- \/ Yoast SEO plugin. -->","_links":{"self":[{"href":"https:\/\/www.cityoffice.se\/en\/wp-json\/wp\/v2\/pages\/1095","targetHints":{"allow":["GET"]}}],"collection":[{"href":"https:\/\/www.cityoffice.se\/en\/wp-json\/wp\/v2\/pages"}],"about":[{"href":"https:\/\/www.cityoffice.se\/en\/wp-json\/wp\/v2\/types\/page"}],"author":[{"embeddable":true,"href":"https:\/\/www.cityoffice.se\/en\/wp-json\/wp\/v2\/users\/1"}],"replies":[{"embeddable":true,"href":"https:\/\/www.cityoffice.se\/en\/wp-json\/wp\/v2\/comments?post=1095"}],"version-history":[{"count":2,"href":"https:\/\/www.cityoffice.se\/en\/wp-json\/wp\/v2\/pages\/1095\/revisions"}],"predecessor-version":[{"id":1319,"href":"https:\/\/www.cityoffice.se\/en\/wp-json\/wp\/v2\/pages\/1095\/revisions\/1319"}],"wp:attachment":[{"href":"https:\/\/www.cityoffice.se\/en\/wp-json\/wp\/v2\/media?parent=1095"}],"curies":[{"name":"wp","href":"https:\/\/api.w.org\/{rel}","templated":true}]}}